{"id":957,"date":"2025-02-27T13:04:20","date_gmt":"2025-02-27T16:04:20","guid":{"rendered":"https:\/\/redepermacultura.ufsc.br\/permabrasuca\/?page_id=957"},"modified":"2025-05-27T10:40:04","modified_gmt":"2025-05-27T13:40:04","slug":"como-citar","status":"publish","type":"page","link":"https:\/\/redepermacultura.ufsc.br\/permabrasuca\/como-citar\/","title":{"rendered":"Como citar?"},"content":{"rendered":"<div id=\"ez-toc-container\" class=\"ez-toc-v2_0_82_2 ez-toc-wrap-right counter-hierarchy ez-toc-counter ez-toc-grey ez-toc-container-direction\">\n<div class=\"ez-toc-title-container\">\n<p class=\"ez-toc-title ez-toc-toggle\" style=\"cursor:pointer\">Conte\u00fados dessa p\u00e1gina<\/p>\n<span class=\"ez-toc-title-toggle\"><a href=\"#\" class=\"ez-toc-pull-right ez-toc-btn ez-toc-btn-xs ez-toc-btn-default ez-toc-toggle\" aria-label=\"Alternar tabela de conte\u00fado\"><span class=\"ez-toc-js-icon-con\"><span class=\"\"><span class=\"eztoc-hide\" style=\"display:none;\">Toggle<\/span><span class=\"ez-toc-icon-toggle-span\"><svg style=\"fill: #999;color:#999\" xmlns=\"http:\/\/www.w3.org\/2000\/svg\" class=\"list-377408\" width=\"20px\" height=\"20px\" viewBox=\"0 0 24 24\" fill=\"none\"><path d=\"M6 6H4v2h2V6zm14 0H8v2h12V6zM4 11h2v2H4v-2zm16 0H8v2h12v-2zM4 16h2v2H4v-2zm16 0H8v2h12v-2z\" fill=\"currentColor\"><\/path><\/svg><svg style=\"fill: #999;color:#999\" class=\"arrow-unsorted-368013\" xmlns=\"http:\/\/www.w3.org\/2000\/svg\" width=\"10px\" height=\"10px\" viewBox=\"0 0 24 24\" version=\"1.2\" baseProfile=\"tiny\"><path d=\"M18.2 9.3l-6.2-6.3-6.2 6.3c-.2.2-.3.4-.3.7s.1.5.3.7c.2.2.4.3.7.3h11c.3 0 .5-.1.7-.3.2-.2.3-.5.3-.7s-.1-.5-.3-.7zM5.8 14.7l6.2 6.3 6.2-6.3c.2-.2.3-.5.3-.7s-.1-.5-.3-.7c-.2-.2-.4-.3-.7-.3h-11c-.3 0-.5.1-.7.3-.2.2-.3.5-.3.7s.1.5.3.7z\"\/><\/svg><\/span><\/span><\/span><\/a><\/span><\/div>\n<nav><ul class='ez-toc-list ez-toc-list-level-1 eztoc-toggle-hide-by-default' ><li class='ez-toc-page-1 ez-toc-heading-level-2'><a class=\"ez-toc-link ez-toc-heading-1\" href=\"https:\/\/redepermacultura.ufsc.br\/permabrasuca\/como-citar\/#Padrao_ABNT\" >Padr\u00e3o ABNT<\/a><ul class='ez-toc-list-level-3' ><li class='ez-toc-heading-level-3'><a class=\"ez-toc-link ez-toc-heading-2\" href=\"https:\/\/redepermacultura.ufsc.br\/permabrasuca\/como-citar\/#Citar_a_obra\" >Citar a obra<\/a><\/li><li class='ez-toc-page-1 ez-toc-heading-level-3'><a class=\"ez-toc-link ez-toc-heading-3\" href=\"https:\/\/redepermacultura.ufsc.br\/permabrasuca\/como-citar\/#Citar_um_item\" >Citar um item<\/a><\/li><\/ul><\/li><li class='ez-toc-page-1 ez-toc-heading-level-2'><a class=\"ez-toc-link ez-toc-heading-4\" href=\"https:\/\/redepermacultura.ufsc.br\/permabrasuca\/como-citar\/#Padrao_APA\" >Padr\u00e3o APA<\/a><ul class='ez-toc-list-level-3' ><li class='ez-toc-heading-level-3'><a class=\"ez-toc-link ez-toc-heading-5\" href=\"https:\/\/redepermacultura.ufsc.br\/permabrasuca\/como-citar\/#Citar_a_obra-2\" >Citar a obra<\/a><\/li><li class='ez-toc-page-1 ez-toc-heading-level-3'><a class=\"ez-toc-link ez-toc-heading-6\" href=\"https:\/\/redepermacultura.ufsc.br\/permabrasuca\/como-citar\/#Citar_um_item-2\" >Citar um item<\/a><\/li><\/ul><\/li><li class='ez-toc-page-1 ez-toc-heading-level-2'><a class=\"ez-toc-link ez-toc-heading-7\" href=\"https:\/\/redepermacultura.ufsc.br\/permabrasuca\/como-citar\/#Usar_os_conteudos_para_obras_derivadas\" >Usar os conte\u00fados para obras derivadas<\/a><\/li><\/ul><\/nav><\/div>\n\n<h2 class=\"wp-block-heading\"><span class=\"ez-toc-section\" id=\"Padrao_ABNT\"><\/span>Padr\u00e3o ABNT<span class=\"ez-toc-section-end\"><\/span><\/h2>\n\n\n\n<h3 class=\"wp-block-heading\"><span class=\"ez-toc-section\" id=\"Citar_a_obra\"><\/span>Citar a obra<span class=\"ez-toc-section-end\"><\/span><\/h3>\n\n\n\n<p>REDE NEPERMA BRASIL.&nbsp;<strong>Permabrasuca<\/strong>. Edi\u00e7\u00e3o continuada. Brasil: Rede Brasileira de N\u00facleos e Estudos em Permacultura, [ANO]. Dispon\u00edvel em: &lt;www.redepermacultura.ufsc.br\/permabrasuca&gt;. Acesso em: [DATA]<\/p>\n\n\n\n<h3 class=\"wp-block-heading\"><span class=\"ez-toc-section\" id=\"Citar_um_item\"><\/span>Citar um item<span class=\"ez-toc-section-end\"><\/span><\/h3>\n\n\n\n<p>AUTORES DO ITEM.&nbsp;<strong>T\u00edtulo do item<\/strong>. In: REDE NEPERMA BRASIL.&nbsp;<strong>Permabrasuca<\/strong>. Edi\u00e7\u00e3o continuada. Brasil: Rede Brasileira de N\u00facleos e Estudos em Permacultura, [ANO]. Dispon\u00edvel em: &lt;LINK DO ITEM&gt;. Acesso em: [DATA]<\/p>\n\n\n\n<h2 class=\"wp-block-heading\"><span class=\"ez-toc-section\" id=\"Padrao_APA\"><\/span>Padr\u00e3o APA<span class=\"ez-toc-section-end\"><\/span><\/h2>\n\n\n\n<h3 class=\"wp-block-heading\"><span class=\"ez-toc-section\" id=\"Citar_a_obra-2\"><\/span>Citar a obra<span class=\"ez-toc-section-end\"><\/span><\/h3>\n\n\n\n<p>Rede NEPerma Brasil. [ANO].&nbsp;<em>Permabrasuca<\/em>&nbsp;(Edi\u00e7\u00e3o continuada).&nbsp;<a href=\"https:\/\/redepermacultura.ufsc.br\/permabrasuca\">https:\/\/redepermacultura.ufsc.br\/permabrasuca<\/a><\/p>\n\n\n\n<h3 class=\"wp-block-heading\"><span class=\"ez-toc-section\" id=\"Citar_um_item-2\"><\/span>Citar um item<span class=\"ez-toc-section-end\"><\/span><\/h3>\n\n\n\n<p>[Autores do item]. [ANO].\u00a0[<em>T\u00edtulo do item<\/em>]. In: Rede NEPerma Brasil.\u00a0<em>Permabrasuca<\/em> (Edi\u00e7\u00e3o continuada). &lt;LINK DO ITEM>.<\/p>\n\n\n\n<h2 class=\"wp-block-heading\"><span class=\"ez-toc-section\" id=\"Usar_os_conteudos_para_obras_derivadas\"><\/span>Usar os conte\u00fados para obras derivadas<span class=\"ez-toc-section-end\"><\/span><\/h2>\n\n\n\n<p>Fique \u00e0 vontade para usar textos, fotos e figuras, mas lembre-se de citar conforme o licenciamento da obra descrito a seguir.<\/p>\n\n\n\n<figure class=\"wp-block-image\"><img decoding=\"async\" src=\"https:\/\/br.creativecommons.net\/wp-content\/uploads\/sites\/30\/2020\/09\/by-nc-sa.jpg\" alt=\"\"\/><figcaption class=\"wp-element-caption\">Atribui\u00e7\u00e3o-N\u00e3o-Comercial-Compartilha Igual CC BY-NC-SA<\/figcaption><\/figure>\n\n\n\n<p>Esta licen\u00e7a permite que outros remixem, adaptem e criem a partir do seu trabalho para fins n\u00e3o comerciais, desde que atribuam a voc\u00ea o devido cr\u00e9dito e que licenciem as novas cria\u00e7\u00f5es sob termos id\u00eanticos.&nbsp;<a href=\"https:\/\/creativecommons.org\/licenses\/by-nc-sa\/4.0\/deed.pt-br\">Veja mais informa\u00e7\u00f5es<\/a>.<\/p>\n\n\n\n<p><\/p>\n","protected":false},"excerpt":{"rendered":"<p>Padr\u00e3o ABNT Citar a obra REDE NEPERMA BRASIL.&nbsp;Permabrasuca. Edi\u00e7\u00e3o continuada. Brasil: Rede Brasileira de N\u00facleos e Estudos em Permacultura, [ANO]. Dispon\u00edvel em: &lt;www.redepermacultura.ufsc.br\/permabrasuca&gt;. Acesso em: [DATA] Citar um item AUTORES DO ITEM.&nbsp;T\u00edtulo do item. In: REDE NEPERMA BRASIL.&nbsp;Permabrasuca. Edi\u00e7\u00e3o continuada. Brasil: Rede Brasileira de N\u00facleos e Estudos em Permacultura, [ANO]. Dispon\u00edvel em: &lt;LINK DO ITEM&gt;. [&hellip;]<\/p>\n","protected":false},"author":1,"featured_media":0,"parent":0,"menu_order":0,"comment_status":"closed","ping_status":"closed","template":"","meta":{"footnotes":""},"coauthors":[2],"class_list":["post-957","page","type-page","status-publish","hentry"],"_links":{"self":[{"href":"https:\/\/redepermacultura.ufsc.br\/permabrasuca\/wp-json\/wp\/v2\/pages\/957","targetHints":{"allow":["GET"]}}],"collection":[{"href":"https:\/\/redepermacultura.ufsc.br\/permabrasuca\/wp-json\/wp\/v2\/pages"}],"about":[{"href":"https:\/\/redepermacultura.ufsc.br\/permabrasuca\/wp-json\/wp\/v2\/types\/page"}],"author":[{"embeddable":true,"href":"https:\/\/redepermacultura.ufsc.br\/permabrasuca\/wp-json\/wp\/v2\/users\/1"}],"replies":[{"embeddable":true,"href":"https:\/\/redepermacultura.ufsc.br\/permabrasuca\/wp-json\/wp\/v2\/comments?post=957"}],"version-history":[{"count":8,"href":"https:\/\/redepermacultura.ufsc.br\/permabrasuca\/wp-json\/wp\/v2\/pages\/957\/revisions"}],"predecessor-version":[{"id":1347,"href":"https:\/\/redepermacultura.ufsc.br\/permabrasuca\/wp-json\/wp\/v2\/pages\/957\/revisions\/1347"}],"wp:attachment":[{"href":"https:\/\/redepermacultura.ufsc.br\/permabrasuca\/wp-json\/wp\/v2\/media?parent=957"}],"wp:term":[{"taxonomy":"author","embeddable":true,"href":"https:\/\/redepermacultura.ufsc.br\/permabrasuca\/wp-json\/wp\/v2\/coauthors?post=957"}],"curies":[{"name":"wp","href":"https:\/\/api.w.org\/{rel}","templated":true}]}}