{"id":61,"date":"2021-11-29T12:25:40","date_gmt":"2021-11-29T15:25:40","guid":{"rendered":"http:\/\/redepermacultura.ufsc.br\/permaculturabrasileira\/?page_id=61"},"modified":"2025-09-30T18:17:22","modified_gmt":"2025-09-30T21:17:22","slug":"economia-trocas-e-compartilhamentos","status":"publish","type":"page","link":"https:\/\/redepermacultura.ufsc.br\/permabrasuca\/arranjos-sociais\/economia-trocas-e-compartilhamentos\/","title":{"rendered":"Economia solid\u00e1ria e colaborativa"},"content":{"rendered":"<div id=\"ez-toc-container\" class=\"ez-toc-v2_0_82_2 ez-toc-wrap-left counter-hierarchy ez-toc-counter ez-toc-transparent ez-toc-container-direction\">\n<label for=\"ez-toc-cssicon-toggle-item-69f632c9a5a8a\" class=\"ez-toc-cssicon-toggle-label\"><p class=\"ez-toc-title\" style=\"cursor:inherit\">Veja aqui<\/p>\n<span class=\"ez-toc-cssicon\"><span class=\"eztoc-hide\" style=\"display:none;\">Toggle<\/span><span class=\"ez-toc-icon-toggle-span\"><svg style=\"fill: #999;color:#999\" xmlns=\"http:\/\/www.w3.org\/2000\/svg\" class=\"list-377408\" width=\"20px\" height=\"20px\" viewBox=\"0 0 24 24\" fill=\"none\"><path d=\"M6 6H4v2h2V6zm14 0H8v2h12V6zM4 11h2v2H4v-2zm16 0H8v2h12v-2zM4 16h2v2H4v-2zm16 0H8v2h12v-2z\" fill=\"currentColor\"><\/path><\/svg><svg style=\"fill: #999;color:#999\" class=\"arrow-unsorted-368013\" xmlns=\"http:\/\/www.w3.org\/2000\/svg\" width=\"10px\" height=\"10px\" viewBox=\"0 0 24 24\" version=\"1.2\" baseProfile=\"tiny\"><path d=\"M18.2 9.3l-6.2-6.3-6.2 6.3c-.2.2-.3.4-.3.7s.1.5.3.7c.2.2.4.3.7.3h11c.3 0 .5-.1.7-.3.2-.2.3-.5.3-.7s-.1-.5-.3-.7zM5.8 14.7l6.2 6.3 6.2-6.3c.2-.2.3-.5.3-.7s-.1-.5-.3-.7c-.2-.2-.4-.3-.7-.3h-11c-.3 0-.5.1-.7.3-.2.2-.3.5-.3.7s.1.5.3.7z\"\/><\/svg><\/span><\/span><\/label><input type=\"checkbox\"  id=\"ez-toc-cssicon-toggle-item-69f632c9a5a8a\" checked \/><nav><ul class='ez-toc-list ez-toc-list-level-1 ' ><li class='ez-toc-page-1 ez-toc-heading-level-1'><a class=\"ez-toc-link ez-toc-heading-1\" href=\"https:\/\/redepermacultura.ufsc.br\/permabrasuca\/arranjos-sociais\/economia-trocas-e-compartilhamentos\/#fundo_rotativo_solidario\" >Fundo rotativo solid\u00e1rio<\/a><ul class='ez-toc-list-level-2' ><li class='ez-toc-heading-level-2'><a class=\"ez-toc-link ez-toc-heading-2\" href=\"https:\/\/redepermacultura.ufsc.br\/permabrasuca\/arranjos-sociais\/economia-trocas-e-compartilhamentos\/#caracteristicas\" >Caracter\u00edsticas<\/a><\/li><li class='ez-toc-page-1 ez-toc-heading-level-2'><a class=\"ez-toc-link ez-toc-heading-3\" href=\"https:\/\/redepermacultura.ufsc.br\/permabrasuca\/arranjos-sociais\/economia-trocas-e-compartilhamentos\/#necessidades\" >Necessidades<\/a><\/li><li class='ez-toc-page-1 ez-toc-heading-level-2'><a class=\"ez-toc-link ez-toc-heading-4\" href=\"https:\/\/redepermacultura.ufsc.br\/permabrasuca\/arranjos-sociais\/economia-trocas-e-compartilhamentos\/#funcoes\" >Fun\u00e7\u00f5es<\/a><\/li><li class='ez-toc-page-1 ez-toc-heading-level-2'><a class=\"ez-toc-link ez-toc-heading-5\" href=\"https:\/\/redepermacultura.ufsc.br\/permabrasuca\/arranjos-sociais\/economia-trocas-e-compartilhamentos\/#a_tecnica_em_detalhe\" >A t\u00e9cnica em detalhe<\/a><\/li><li class='ez-toc-page-1 ez-toc-heading-level-2'><a class=\"ez-toc-link ez-toc-heading-6\" href=\"https:\/\/redepermacultura.ufsc.br\/permabrasuca\/arranjos-sociais\/economia-trocas-e-compartilhamentos\/#verificacao_de_aplicacao\" >Verifica\u00e7\u00e3o de aplica\u00e7\u00e3o<\/a><\/li><li class='ez-toc-page-1 ez-toc-heading-level-2'><a class=\"ez-toc-link ez-toc-heading-7\" href=\"https:\/\/redepermacultura.ufsc.br\/permabrasuca\/arranjos-sociais\/economia-trocas-e-compartilhamentos\/#referencias_de_suporte\" >Refer\u00eancias de suporte<\/a><\/li><\/ul><\/li><\/ul><\/nav><\/div>\n\n<div class=\"wp-block-group is-nowrap is-layout-flex wp-container-core-group-is-layout-ad2f72ca wp-block-group-is-layout-flex\">\n<p class=\"has-small-font-size\">Atualizado em<\/p>\n\n\n<div class=\"wp-block-post-date__modified-date wp-block-post-date has-small-font-size\"><time datetime=\"2025-09-30T18:17:22-03:00\">30 de setembro de 2025<\/time><\/div><\/div>\n\n\n\n<p class=\"has-text-align-right\"><em>Arthur Nanni<\/em><\/p>\n\n\n\n<p>Economias solid\u00e1rias e colaborativas t\u00eam como pressuposto b\u00e1sico o protagonismo coletivo, que se une em prol do fortalecimento econ\u00f4mico em pequenas escalas, envolvendo comunidades, localidades e at\u00e9 mesmo, regi\u00f5es geogr\u00e1ficas que se comunicam por interesses comuns de intera\u00e7\u00e3o econ\u00f4mica. Os participantes de iniciativas solid\u00e1rias geralmente det\u00e9m capital por igual em cada iniciativa de interc\u00e2mbio econ\u00f4mico. Como resultado dessa l\u00f3gica,&nbsp;prevalecer\u00e3o a solidariedade e a igualdade e o entendimento do bem comum, como o consequente empoderamento do coletivo.<\/p>\n\n\n\n<p>As t\u00e9cnicas de organiza\u00e7\u00e3o que auxiliam a alavancar a economia solid\u00e1ria podem ser aplicadas em qualquer contexto social, mas geralmente s\u00e3o mais frequentes onde o Estado se faz ausente. Aqui s\u00e3o apresentadas algumas dessas t\u00e9cnicas, incluindo:<\/p>\n\n\n\n<ul class=\"wp-block-list\">\n<li><a href=\"https:\/\/redepermacultura.ufsc.br\/permabrasuca\/arranjos-sociais\/economia-trocas-e-compartilhamentos\/#frs\">Fundo rotativo solid\u00e1rio<\/a><\/li>\n\n\n\n<li>Comunidade que suporta a agricultura<\/li>\n\n\n\n<li>Projetos por zonas<\/li>\n\n\n\n<li>Bancos sociais<\/li>\n\n\n\n<li>Banco do tempo<\/li>\n<\/ul>\n\n\n\n<h1 class=\"wp-block-heading\" id=\"frs\"><span class=\"ez-toc-section\" id=\"fundo_rotativo_solidario\"><\/span><strong>Fundo rotativo solid\u00e1rio<\/strong><span class=\"ez-toc-section-end\"><\/span><\/h1>\n\n\n\n<p>\u00c9 um dispositivo de empoderamento social por meio do acesso a recursos financeiros, que envolvem a concess\u00e3o de microcr\u00e9ditos considerando os princ\u00edpios da economia popular solid\u00e1ria: autogest\u00e3o, democracia, solidariedade, coopera\u00e7\u00e3o, respeito \u00e0 natureza, com\u00e9rcio justo e consumo solid\u00e1rio.<\/p>\n\n\n\n<p>Tem o objetivo de apoiar agricultores com acesso ao cr\u00e9dito e assessoria t\u00e9cnica, fortalecer a\u00e7\u00f5es associativistas e cooperativas, com intuito de proporcionar melhores condi\u00e7\u00f5es de vida no campo.<\/p>\n\n\n\n<h2 class=\"wp-block-heading\"><span class=\"ez-toc-section\" id=\"caracteristicas\"><\/span>Caracter\u00edsticas<span class=\"ez-toc-section-end\"><\/span><\/h2>\n\n\n\n<p>\u00c9 um dispositivo coletivo que depende de protagonismo e atua\u00e7\u00e3o constante dos participantes, que atuam como autogestores do processo de aplica\u00e7\u00e3o dos recursos financeiros.<\/p>\n\n\n\n<p>O fundo financia cr\u00e9ditos para iniciativas individuais ou coletivas da agricultura familiar, incluindo compras de insumos para produ\u00e7\u00e3o agr\u00edcola, cria\u00e7\u00e3o de animais e para a confec\u00e7\u00e3o de artefatos de artesanato. Viabiliza tamb\u00e9m a constru\u00e7\u00e3o de dispositivos de reten\u00e7\u00e3o de \u00e1guas na paisagem e outras melhorias de infraestrutura.<\/p>\n\n\n\n<p>Possui linhas de cr\u00e9dito a juros baixos e prazos de quita\u00e7\u00e3o diferenciados, com tempo de car\u00eancia em alguns casos de menor valor e, tempos mais longos de quita\u00e7\u00e3o para mulheres, jovens e produtores org\u00e2nicos.<\/p>\n\n\n\n<p>O regimento de funcionamento do fundo \u00e9 decidido de forma coletiva por meio de uma rede de entidades locais e regionais.<\/p>\n\n\n\n<h2 class=\"wp-block-heading\"><span class=\"ez-toc-section\" id=\"necessidades\"><\/span>Necessidades<span class=\"ez-toc-section-end\"><\/span><\/h2>\n\n\n\n<p>Necessita de um coletivo de pessoas f\u00edsicas e, pelo menos, uma pessoa jur\u00eddica. Uma capital de giro inicial, que ir\u00e1 prover os atendimentos iniciais. Esses, por sua vez, ao retornarem ao fundo, ser\u00e3o usados no atendimento de novos participantes, operando em um padr\u00e3o c\u00edclico.<\/p>\n\n\n\n<p>O projeto passa por uma orienta\u00e7\u00e3o t\u00e9cnica, que auxilia as fam\u00edlias e atesta a viabilidade do financiamento.<\/p>\n\n\n\n<h2 class=\"wp-block-heading\"><span class=\"ez-toc-section\" id=\"funcoes\"><\/span>Fun\u00e7\u00f5es<span class=\"ez-toc-section-end\"><\/span><\/h2>\n\n\n\n<p>A consolida\u00e7\u00e3o de um fundo rotativo solid\u00e1rio envolve in\u00fameras fun\u00e7\u00f5es. Dentre elas podemos destacar:<\/p>\n\n\n\n<ul class=\"wp-block-list\">\n<li>Fomentar a auto-organiza\u00e7\u00e3o financeira coletiva em escala comunit\u00e1ria;<\/li>\n\n\n\n<li>Facilitar acesso individual ou coletivo ao microcr\u00e9dito;<\/li>\n\n\n\n<li>Estimular a autonomia econ\u00f4mica local e regional;<\/li>\n\n\n\n<li>Praticar a economia em ciclos curtos;<\/li>\n<\/ul>\n\n\n\n<h2 class=\"wp-block-heading\"><span class=\"ez-toc-section\" id=\"a_tecnica_em_detalhe\"><\/span>A t\u00e9cnica em detalhe<span class=\"ez-toc-section-end\"><\/span><\/h2>\n\n\n\n<p>Fundos rotativos autogestionados podem ser compreendidos como poupan\u00e7as coletivas, que geralmente financiam cr\u00e9ditos para iniciativas locais individuais ou coletivas principalmente para a agricultura familiar, incluindo compras de insumos para produ\u00e7\u00e3o agr\u00edcola, cria\u00e7\u00e3o de animais e para a confec\u00e7\u00e3o de artefatos de artesanato. Viabiliza tamb\u00e9m a constru\u00e7\u00e3o de dispositivos de reten\u00e7\u00e3o de \u00e1guas na paisagem e outras melhorias de infraestrutura, com o intuito de melhorar a qualidade de vida no campo.<\/p>\n\n\n\n<p>Esses fundos possuem linhas de cr\u00e9dito financiados com juros baixos e prazos de quita\u00e7\u00e3o diferenciados, com tempos de car\u00eancia em alguns casos de menor valor e, tempos mais longos de quita\u00e7\u00e3o para mulheres, jovens e produtores org\u00e2nicos.<\/p>\n\n\n\n<p>Presente em todo o pa\u00eds, mas comuns na regi\u00e3o do semi\u00e1rido, os fundos solid\u00e1rios evidenciam a aus\u00eancia de pol\u00edticas p\u00fablicas centralizadas na regi\u00e3o, o que estimula a participa\u00e7\u00e3o cidad\u00e3 em iniciativas autogestionadas de acesso ao cr\u00e9dito, empoderando entidades e comunidades.<\/p>\n\n\n\n<p>A organiza\u00e7\u00e3o de cada fundo \u00e9 aut\u00f4noma e o regimento do seu funcionamento \u00e9 geralmente decidido de forma coletiva por meio de uma rede de entidades locais e regionais. Por se tratar de uma iniciativa de pequena escala, o retorno dos recursos financeiros e inadimpl\u00eancias s\u00e3o gerenciados diretamente pelas entidades e participantes do fundo.<\/p>\n\n\n\n<p>O v\u00eddeo <a href=\"https:\/\/www.youtube.com\/watch?v=rzCwDCjYxbs\">Cordel do fundo solid\u00e1rio<\/a> traz um bom resumo sobre essa t\u00e9cnica de arranjo social.<\/p>\n\n\n\n<figure class=\"wp-block-embed is-type-video is-provider-youtube wp-block-embed-youtube wp-embed-aspect-4-3 wp-has-aspect-ratio\"><div class=\"wp-block-embed__wrapper\">\n<iframe title=\"cordel do fundo solid\u00e1rio\" width=\"1000\" height=\"750\" src=\"https:\/\/www.youtube.com\/embed\/rzCwDCjYxbs?feature=oembed\" frameborder=\"0\" allow=\"accelerometer; autoplay; clipboard-write; encrypted-media; gyroscope; picture-in-picture; web-share\" referrerpolicy=\"strict-origin-when-cross-origin\" allowfullscreen><\/iframe>\n<\/div><\/figure>\n\n\n\n<h2 class=\"wp-block-heading\"><span class=\"ez-toc-section\" id=\"verificacao_de_aplicacao\"><\/span>Verifica\u00e7\u00e3o de aplica\u00e7\u00e3o<span class=\"ez-toc-section-end\"><\/span><\/h2>\n\n\n\n<p>Essa t\u00e9cnica foi verificada no munic\u00edpio de Turmalina\/MG junto ao <a href=\"https:\/\/cavjequi.org\/\">Centro de Agricultura Alternativa Vicente Nica<\/a>, que \u00e9 uma das organiza\u00e7\u00f5es sociais integrante do conselho gestor do Fundo. Al\u00e9m dessa experi\u00eancia, o <a href=\"https:\/\/fundojequi.org.br\/\">Fundo rotativo financeiro Jequi<\/a>, uma iniciativa que busca fomentar oportunidades de protagonismo e desenvolvimento comunit\u00e1rio, atua nas por\u00e7\u00f5es do baixo e m\u00e9dio vale do Rio Jequitinhonha.<\/p>\n\n\n<div class=\"wp-block-image\">\n<figure class=\"aligncenter size-large is-resized\"><img decoding=\"async\" width=\"700\" height=\"749\" src=\"https:\/\/redepermacultura.ufsc.br\/permabrasuca\/wp-content\/uploads\/sites\/6\/2025\/04\/fundo_folder-700x749.jpg\" alt=\"\" class=\"wp-image-1149\" style=\"width:570px;height:auto\" srcset=\"https:\/\/redepermacultura.ufsc.br\/permabrasuca\/wp-content\/uploads\/sites\/6\/2025\/04\/fundo_folder-700x749.jpg 700w, https:\/\/redepermacultura.ufsc.br\/permabrasuca\/wp-content\/uploads\/sites\/6\/2025\/04\/fundo_folder-280x300.jpg 280w, https:\/\/redepermacultura.ufsc.br\/permabrasuca\/wp-content\/uploads\/sites\/6\/2025\/04\/fundo_folder-768x822.jpg 768w, https:\/\/redepermacultura.ufsc.br\/permabrasuca\/wp-content\/uploads\/sites\/6\/2025\/04\/fundo_folder.jpg 1121w\" sizes=\"(max-width: 700px) 100vw, 700px\" \/><figcaption class=\"wp-element-caption\">Material de divulga\u00e7\u00e3o do Fundo Rotativo Solid\u00e1rio conhecido no CAV de Turmalina\/MG.<\/figcaption><\/figure>\n<\/div>\n\n\n<h2 class=\"wp-block-heading\"><span class=\"ez-toc-section\" id=\"referencias_de_suporte\"><\/span>Refer\u00eancias de suporte<span class=\"ez-toc-section-end\"><\/span><\/h2>\n\n\n\n<p>Barreto, S. S. (2020). Fundo rotativo solid\u00e1rio e agroecologia uma an\u00e1lise sobre o financiamento de pr\u00e1ticas agroecol\u00f3gicas no Baixo Sul da Bahia. <a href=\"https:\/\/repositorio.ipea.gov.br\/handle\/11058\/10003\">&nbsp;https:\/\/repositorio.ipea.gov.br\/handle\/11058\/10003<\/a><\/p>\n\n\n\n<p>Favarin, R. A. (2018). Fundos rotativos solid\u00e1rios: Avan\u00e7os e limites para a constru\u00e7\u00e3o de finan\u00e7as solid\u00e1rias no Brasil. [Tese (Doutorado), Universidade Federal de Santa Catarina, Centro de Filosofia e Ci\u00eancias Humanas, Programa de P\u00f3s-Gradua\u00e7\u00e3o em Sociologia Pol\u00edtica].<a href=\"https:\/\/repositorio.ufsc.br\/handle\/123456789\/193317\"> https:\/\/repositorio.ufsc.br\/handle\/123456789\/193317<\/a><\/p>\n\n\n\n<p>Freire, G. A. (2008). Cordel do Fundo Solid\u00e1rio: Gerando riquezas e saberes\u2014No\u00e7\u00f5es de boas pr\u00e1ticas sobre organiza\u00e7\u00e3o e gest\u00e3o. Gr\u00e1fica JB.<a href=\"https:\/\/aspta.org.br\/files\/2011\/07\/cartilha_miolo.pdf\"> https:\/\/aspta.org.br\/files\/2011\/07\/cartilha_miolo.pdf<\/a><\/p>\n\n\n\n<p>Singer, P. Introdu\u00e7\u00e3o \u00e0 economia solid\u00e1ria. 2018. <a href=\"https:\/\/bibliotecadigital.fpabramo.org.br\/xmlui\/bitstream\/handle\/123456789\/22\/Introducao-economia-solidaria-WEB-1.pdf?sequence=1\">https:\/\/bibliotecadigital.fpabramo.org.br\/xmlui\/bitstream\/handle\/123456789\/22\/Introducao-economia-solidaria-WEB-1.pdf?sequence=1<\/a>.<\/p>\n","protected":false},"excerpt":{"rendered":"<p>Atualizado em Arthur Nanni Economias solid\u00e1rias e colaborativas t\u00eam como pressuposto b\u00e1sico o protagonismo coletivo, que se une em prol do fortalecimento econ\u00f4mico em pequenas escalas, envolvendo comunidades, localidades e at\u00e9 mesmo, regi\u00f5es geogr\u00e1ficas que se comunicam por interesses comuns de intera\u00e7\u00e3o econ\u00f4mica. Os participantes de iniciativas solid\u00e1rias geralmente det\u00e9m capital por igual em cada [&hellip;]<\/p>\n","protected":false},"author":1,"featured_media":0,"parent":43,"menu_order":4,"comment_status":"closed","ping_status":"closed","template":"","meta":{"footnotes":""},"coauthors":[2],"class_list":["post-61","page","type-page","status-publish","hentry"],"_links":{"self":[{"href":"https:\/\/redepermacultura.ufsc.br\/permabrasuca\/wp-json\/wp\/v2\/pages\/61","targetHints":{"allow":["GET"]}}],"collection":[{"href":"https:\/\/redepermacultura.ufsc.br\/permabrasuca\/wp-json\/wp\/v2\/pages"}],"about":[{"href":"https:\/\/redepermacultura.ufsc.br\/permabrasuca\/wp-json\/wp\/v2\/types\/page"}],"author":[{"embeddable":true,"href":"https:\/\/redepermacultura.ufsc.br\/permabrasuca\/wp-json\/wp\/v2\/users\/1"}],"replies":[{"embeddable":true,"href":"https:\/\/redepermacultura.ufsc.br\/permabrasuca\/wp-json\/wp\/v2\/comments?post=61"}],"version-history":[{"count":19,"href":"https:\/\/redepermacultura.ufsc.br\/permabrasuca\/wp-json\/wp\/v2\/pages\/61\/revisions"}],"predecessor-version":[{"id":1668,"href":"https:\/\/redepermacultura.ufsc.br\/permabrasuca\/wp-json\/wp\/v2\/pages\/61\/revisions\/1668"}],"up":[{"embeddable":true,"href":"https:\/\/redepermacultura.ufsc.br\/permabrasuca\/wp-json\/wp\/v2\/pages\/43"}],"wp:attachment":[{"href":"https:\/\/redepermacultura.ufsc.br\/permabrasuca\/wp-json\/wp\/v2\/media?parent=61"}],"wp:term":[{"taxonomy":"author","embeddable":true,"href":"https:\/\/redepermacultura.ufsc.br\/permabrasuca\/wp-json\/wp\/v2\/coauthors?post=61"}],"curies":[{"name":"wp","href":"https:\/\/api.w.org\/{rel}","templated":true}]}}