{"id":55,"date":"2021-11-29T12:22:13","date_gmt":"2021-11-29T15:22:13","guid":{"rendered":"http:\/\/redepermacultura.ufsc.br\/permaculturabrasileira\/?page_id=55"},"modified":"2025-08-26T11:20:21","modified_gmt":"2025-08-26T14:20:21","slug":"elemento-fogo","status":"publish","type":"page","link":"https:\/\/redepermacultura.ufsc.br\/permabrasuca\/arranjos-sociais\/planejamentos-para-eventos-extremos\/elemento-fogo\/","title":{"rendered":"Fogo"},"content":{"rendered":"\n<div class=\"wp-block-group is-nowrap is-layout-flex wp-container-core-group-is-layout-ad2f72ca wp-block-group-is-layout-flex\">\n<p class=\"has-small-font-size\">Atualizado em&nbsp;<\/p>\n\n\n<div class=\"wp-block-post-date__modified-date wp-block-post-date has-small-font-size\"><time datetime=\"2025-08-26T11:20:21-03:00\">26 de agosto de 2025<\/time><\/div><\/div>\n\n\n\n<p class=\"has-text-align-right\"><em>Arthur Nanni<\/em><\/p>\n\n\n\n<p>Eventos extremos vinculados ao \u201cfogo\u201d incluem todas aquelas manifesta\u00e7\u00f5es espec\u00edficas a esse elemento natural, que podem ser preven\u00edveis ou mitig\u00e1veis. As preven\u00edveis incluem inc\u00eandios, radia\u00e7\u00e3o UV, secas prolongadas, queimadas, entre outros. J\u00e1 os mitig\u00e1veis, incluem fluxos de lava de erup\u00e7\u00f5es vulc\u00e2nicas, <a href=\"https:\/\/pt.wikipedia.org\/wiki\/Fluxo_pirocl%C3%A1stico\">fluxos pirocl\u00e1sticos<\/a> ou mesmo, a queda de um meteoro.<\/p>\n\n\n\n<p>A permacultura usa t\u00e9cnicas e tecnologias de preven\u00e7\u00e3o para evitar danos provocados pelas manifesta\u00e7\u00f5es de eventos extremos menos intensos e estrat\u00e9gias de planejamento que buscam mitigar estragos, quando o evento j\u00e1 causou danos.<\/p>\n\n\n\n<h1 class=\"wp-block-heading\" id=\"aceiros\"><strong>Aceiros<\/strong><\/h1>\n\n\n\n<div class=\"wp-block-group is-nowrap is-layout-flex wp-container-core-group-is-layout-ad2f72ca wp-block-group-is-layout-flex\">\n<figure class=\"wp-block-image\"><a href=\"https:\/\/redepermacultura.ufsc.br\/permabrasuca\/wp-content\/uploads\/sites\/6\/2024\/12\/FES.pdf\"><img decoding=\"async\" width=\"40\" height=\"20\" src=\"http:\/\/redepermacultura.ufsc.br\/permaculturabrasileira\/wp-content\/uploads\/sites\/6\/2022\/09\/fes.png\" alt=\"\" class=\"wp-image-492\"\/><\/a><\/figure>\n\n\n\n<figure class=\"wp-block-image\"><a href=\"https:\/\/redepermacultura.ufsc.br\/permabrasuca\/wp-content\/uploads\/sites\/6\/2024\/12\/FED.pdf\"><img decoding=\"async\" width=\"40\" height=\"20\" src=\"http:\/\/redepermacultura.ufsc.br\/permaculturabrasileira\/wp-content\/uploads\/sites\/6\/2022\/09\/fed.png\" alt=\"\" class=\"wp-image-494\"\/><\/a><\/figure>\n\n\n\n<figure class=\"wp-block-image\"><a href=\"https:\/\/redepermacultura.ufsc.br\/permabrasuca\/wp-content\/uploads\/sites\/6\/2024\/12\/SAV.pdf\"><img decoding=\"async\" width=\"40\" height=\"20\" src=\"http:\/\/redepermacultura.ufsc.br\/permaculturabrasileira\/wp-content\/uploads\/sites\/6\/2022\/09\/sav.png\" alt=\"\" class=\"wp-image-500\"\/><\/a><\/figure>\n\n\n\n<figure class=\"wp-block-image\"><a href=\"https:\/\/redepermacultura.ufsc.br\/permabrasuca\/wp-content\/uploads\/sites\/6\/2024\/12\/SES.pdf\"><img decoding=\"async\" width=\"40\" height=\"20\" src=\"http:\/\/redepermacultura.ufsc.br\/permaculturabrasileira\/wp-content\/uploads\/sites\/6\/2022\/09\/ses.png\" alt=\"\" class=\"wp-image-499\"\/><\/a><\/figure>\n\n\n\n<figure class=\"wp-block-image\"><a href=\"https:\/\/redepermacultura.ufsc.br\/permabrasuca\/wp-content\/uploads\/sites\/6\/2024\/12\/EST.pdf\"><img decoding=\"async\" width=\"40\" height=\"20\" src=\"http:\/\/redepermacultura.ufsc.br\/permaculturabrasileira\/wp-content\/uploads\/sites\/6\/2022\/09\/est.png\" alt=\"\" class=\"wp-image-495\"\/><\/a><\/figure>\n\n\n\n<figure class=\"wp-block-image\"><a href=\"https:\/\/redepermacultura.ufsc.br\/permabrasuca\/wp-content\/uploads\/sites\/6\/2024\/12\/ATE.pdf\"><img decoding=\"async\" width=\"40\" height=\"20\" src=\"http:\/\/redepermacultura.ufsc.br\/permaculturabrasileira\/wp-content\/uploads\/sites\/6\/2022\/09\/ate.png\" alt=\"\" class=\"wp-image-497\"\/><\/a><\/figure>\n\n\n\n<p class=\"has-small-font-size\"><br><\/p>\n<\/div>\n\n\n\n<p class=\"has-small-font-size\">\ud83d\udc46\ud83c\udffcEntenda os <a href=\"https:\/\/redepermacultura.ufsc.br\/permabrasuca\/contextos-fitoecologicos\/\">Contextos fitoecol\u00f3gicos<\/a> onde a t\u00e9cnica \u00e9 adequada <\/p>\n\n\n\n<p><a href=\"https:\/\/redepermacultura.ufsc.br\/permabrasuca\/wp-content\/uploads\/sites\/6\/2024\/12\/FES.pdf\"><\/a><a href=\"https:\/\/redepermacultura.ufsc.br\/permabrasuca\/wp-content\/uploads\/sites\/6\/2024\/12\/FED.pdf\"><\/a><a href=\"https:\/\/redepermacultura.ufsc.br\/permabrasuca\/wp-content\/uploads\/sites\/6\/2024\/12\/ATE.pdf\"><\/a><a href=\"https:\/\/redepermacultura.ufsc.br\/permabrasuca\/wp-content\/uploads\/sites\/6\/2024\/12\/EST.pdf\"><\/a><a href=\"https:\/\/redepermacultura.ufsc.br\/permabrasuca\/wp-content\/uploads\/sites\/6\/2024\/12\/SES.pdf\"><\/a><a href=\"https:\/\/redepermacultura.ufsc.br\/permabrasuca\/wp-content\/uploads\/sites\/6\/2024\/12\/SAV.pdf\"><\/a>Aceiros s\u00e3o faixas de terreno limpas de vegeta\u00e7\u00e3o e de outros materiais combust\u00edveis ou, ainda, constitu\u00eddos por esp\u00e9cies vegetais tolerantes\/resistentes ao fogo, que atuam como barreiras que evitam a propaga\u00e7\u00e3o do fogo, podendo ser naturais ou criadas especificamente para esse fim.<\/p>\n\n\n\n<p>Na permacultura, aceiros s\u00e3o elementos preven\u00edveis no que tange ao planejamento para eventos extremos e, nunca s\u00e3o somente uma faixa nua, pois na medida em que os mesmos s\u00e3o entendidos como elementos, \u00e9 necess\u00e1rio atribuir mais fun\u00e7\u00f5es a esses. Assim, teremos aceiros em forma de estradas, a\u00e7udes, corredores em sistemas produtivos e outros.<\/p>\n\n\n\n<h2 class=\"wp-block-heading\">Caracter\u00edsticas<\/h2>\n\n\n\n<p>Corredores de terra nua ou com cultivos de plantas resistentes ao fogo (aceiros verdes), como suculentas, com larguras capazes de barrar a propaga\u00e7\u00e3o do fogo em condi\u00e7\u00f5es bioclim\u00e1ticas onde h\u00e1 ocorr\u00eancia de inc\u00eandios de origem natural, ou queimadas, provocadas por humanos onde o fogo possa se propagar facilmente em virtude do excesso de vento ou a presen\u00e7a de materiais combust\u00edveis.<\/p>\n\n\n\n<p>O comprimento de um aceiro deve circunscrever a \u00e1rea que se deseja proteger. J\u00e1 a largura, depender\u00e1 da altura da vegeta\u00e7\u00e3o lindeira, podendo ser desde \u00bd metro para campos, podendo chegar at\u00e9 mais de uma dezena de metros, em caso de florestas de grande porte.<\/p>\n\n\n\n<h2 class=\"wp-block-heading\">Necessidades<\/h2>\n\n\n\n<p>Aceiros precisam de manuten\u00e7\u00e3o peri\u00f3dica para ro\u00e7ada, capina ou replantio de esp\u00e9cies tolerantes ao fogo, bem como para retirada de \u00e1rvores ou arbustos que possam se constituir em pontes para a propaga\u00e7\u00e3o das chamas.<\/p>\n\n\n\n<p>\u00c9&nbsp; importante que haja a colabora\u00e7\u00e3o entre vizinhos quando os aceiros est\u00e3o em condi\u00e7\u00e3o de limite da \u00e1rea planejada. Essa colabora\u00e7\u00e3o deve ser permanente, desde a fase de implanta\u00e7\u00e3o seguindo durante a de manuten\u00e7\u00e3o.<\/p>\n\n\n\n<h2 class=\"wp-block-heading\">Fun\u00e7\u00f5es<\/h2>\n\n\n\n<p>Aceiros podem e devem ter muitas fun\u00e7\u00f5es. Al\u00e9m da sua primordial, que \u00e9 de <strong>barrar a propaga\u00e7\u00e3o de inc\u00eandios<\/strong>, podem tamb\u00e9m servir para <strong>conduzir animais<\/strong>, <strong>acessar \u00e1reas<\/strong> com diferentes manejos no espa\u00e7o planejado, servirem como <strong>trincheiras de escoamento e infiltra\u00e7\u00e3o de \u00e1guas<\/strong> no per\u00edodo das chuvas e, ainda, conformarem <strong>a\u00e7udes alongados<\/strong> em n\u00edvel para <strong>cria\u00e7\u00e3o de peixes<\/strong> ou para <strong>dessedenta\u00e7\u00e3o animal<\/strong>.<\/p>\n\n\n\n<h2 class=\"wp-block-heading\">A t\u00e9cnica em detalhe<\/h2>\n\n\n\n<p>No Brasil, os dom\u00ednios fitoecol\u00f3gicos onde mais ocorrem inc\u00eandios s\u00e3o na Savana, Floresta Estacional Decidual, Savana Est\u00e9pica e em \u00c1reas de Tens\u00e3o Ecol\u00f3gica (ec\u00f3tonos), entre os anteriores. Ocorrem tamb\u00e9m, mas com menor frequ\u00eancia, no dom\u00ednio da Estepe, principalmente no ver\u00e3o por causas acidentais e, no inverno, de forma intencional, visando a \u201crenova\u00e7\u00e3o\u201d de pastagens. Pode ainda ocorrer nas esta\u00e7\u00f5es secas do dom\u00ednio das Florestas Estacionais.<\/p>\n\n\n\n<p>No planejamento permacultural \u00e9 interessante que os acessos \u00e0s \u00e1reas a serem manejadas, sejam tamb\u00e9m aceiros. Isso ir\u00e1 conferir pelo menos mais uma fun\u00e7\u00e3o aos mesmos. Nas margens desses aceiros, poder\u00e3o ser <strong>valorizadas as bordas<\/strong>, buscando-se implantar culturas que exijam a colheita por meio de trator ou ve\u00edculo, como o caso de mudas arb\u00f3reas de porte, usadas na recomposi\u00e7\u00e3o florestal ou mesmo para fins ornamentais, como palmeiras, que s\u00e3o geralmente demandadas para esse fim. Nesse caso as larguras dos aceiros devem ser maiores para manter o car\u00e1ter preventivo do mesmo.<\/p>\n\n\n\n<p>Outra op\u00e7\u00e3o para estas bordas \u00e9 o plantio de plantas suculentas e de baixa inflamabilidade, que podem constituir&nbsp; barreiras verdes. Um exemplo \u00e9 o plantio da palma no contexto da Savana Est\u00e9pica, pois seu porte baixo inibe a propaga\u00e7\u00e3o de chamas, a mesma possui alto teor de \u00e1guas em seu interior e pode ser usada na alimenta\u00e7\u00e3o de animais.<\/p>\n\n\n\n<p>Olhando pelo aspecto mitigador, o aceiro precisa permitir o tr\u00e1fego de carros e equipamentos para acessar os focos de inc\u00eandio, buscando complementar o efeito de barramento das chamas, caso somente o aceiro n\u00e3o seja suficiente.<\/p>\n\n\n\n<p>Nos limites entre zonas energ\u00e9ticas \u00e9 recomendado o uso de aceiros quando o porte das culturas permite a propaga\u00e7\u00e3o das chamas, como \u00e9 o caso de um espa\u00e7o visitado no Norte de Minas Gerais, onde o canavial da Zona 3 \u00e9, ao mesmo tempo, faixa de amortecimento de chamas que possam vir da Zona 5 (lindeira), mas pode colocar em risco plantas mais sens\u00edveis na Zona 1.<\/p>\n\n\n<div class=\"wp-block-image\">\n<figure class=\"aligncenter size-large\"><img decoding=\"async\" width=\"700\" height=\"394\" src=\"https:\/\/redepermacultura.ufsc.br\/permabrasuca\/wp-content\/uploads\/sites\/6\/2025\/07\/aceiro_ptBR-700x394.png\" alt=\"\" class=\"wp-image-1463\" srcset=\"https:\/\/redepermacultura.ufsc.br\/permabrasuca\/wp-content\/uploads\/sites\/6\/2025\/07\/aceiro_ptBR-700x394.png 700w, https:\/\/redepermacultura.ufsc.br\/permabrasuca\/wp-content\/uploads\/sites\/6\/2025\/07\/aceiro_ptBR-300x169.png 300w, https:\/\/redepermacultura.ufsc.br\/permabrasuca\/wp-content\/uploads\/sites\/6\/2025\/07\/aceiro_ptBR-768x432.png 768w, https:\/\/redepermacultura.ufsc.br\/permabrasuca\/wp-content\/uploads\/sites\/6\/2025\/07\/aceiro_ptBR-600x338.png 600w, https:\/\/redepermacultura.ufsc.br\/permabrasuca\/wp-content\/uploads\/sites\/6\/2025\/07\/aceiro_ptBR.png 1200w\" sizes=\"(max-width: 700px) 100vw, 700px\" \/><figcaption class=\"wp-element-caption\"><em>Aceiro em um espa\u00e7o de cultivo em Congonhas do Norte\/MG.<\/em><\/figcaption><\/figure>\n<\/div>\n\n\n<p>A posi\u00e7\u00e3o relativa do aceiro precisa considerar uma leitura da paisagem focalizada no regime de ventos, topografia e nos per\u00edodos de estiagem. Os aceiros precisam estar sempre \u00e0 frente das zonas energ\u00e9ticas que se deseja proteger contra as chamas. No caso da zona envolver a moradia, por precau\u00e7\u00e3o, \u00e9 importante considerar um aceiro com uma dist\u00e2ncia maior do que aquela que voc\u00ea considera segura e, manter todas a Zona 0 (moradia) e Zona 1 (entorno), circunscritas aos aceiros, como visto em Crato\/CE.<\/p>\n\n\n<div class=\"wp-block-image\">\n<figure class=\"aligncenter is-resized\"><img decoding=\"async\" src=\"https:\/\/lh7-rt.googleusercontent.com\/docsz\/AD_4nXcNFKJTY_jGxijybA1fOW85RZ0bsUoCu2NUnR0AK_lChMDAPLUu3VmyQoDzdgqJ7WvIU7VNejjMrrj2LV-5dscU1dHQoi2QXvnJ-NFZCgw-puU712B_YnvMjcAqartxHTqYv6WRDQ?key=UhR49XWVlkd9rdZalJUPNRN6\" alt=\"\" style=\"width:500px\"\/><figcaption class=\"wp-element-caption\"><em>Uma estrada municipal e um acesso interno operando como aceiros para prote\u00e7\u00e3o dos elementos das Zonas 0 e 1 em um espa\u00e7o em Crato\/CE.<\/em><\/figcaption><\/figure>\n<\/div>\n\n\n<p>Se o espa\u00e7o planejado \u00e9 lindeiro a uma rodovia nos contextos mais prop\u00edcios a inc\u00eandios acidentais, como por exemplo uma bituca de cigarro arremessada, \u00e9 importante a implanta\u00e7\u00e3o de aceiros tanto antes da cerca, quanto depois da mesma, a fim de evitar danos a esta e \u00e0s culturas que estar\u00e3o logo ap\u00f3s o limite, como verificado em um espa\u00e7o junto a BR 230\/316 no estado do Piau\u00ed.<\/p>\n\n\n<div class=\"wp-block-image\">\n<figure class=\"aligncenter size-large\"><img decoding=\"async\" width=\"700\" height=\"466\" src=\"https:\/\/redepermacultura.ufsc.br\/permabrasuca\/wp-content\/uploads\/sites\/6\/2025\/07\/aceiro_panoramica-700x466.png\" alt=\"\" class=\"wp-image-1464\" srcset=\"https:\/\/redepermacultura.ufsc.br\/permabrasuca\/wp-content\/uploads\/sites\/6\/2025\/07\/aceiro_panoramica-700x466.png 700w, https:\/\/redepermacultura.ufsc.br\/permabrasuca\/wp-content\/uploads\/sites\/6\/2025\/07\/aceiro_panoramica-300x200.png 300w, https:\/\/redepermacultura.ufsc.br\/permabrasuca\/wp-content\/uploads\/sites\/6\/2025\/07\/aceiro_panoramica-768x512.png 768w, https:\/\/redepermacultura.ufsc.br\/permabrasuca\/wp-content\/uploads\/sites\/6\/2025\/07\/aceiro_panoramica.png 1106w\" sizes=\"(max-width: 700px) 100vw, 700px\" \/><figcaption class=\"wp-element-caption\"><em>Inc\u00eandio na faixa de dom\u00ednio da BR 230\/316 em Picos\/PI.<\/em><\/figcaption><\/figure>\n<\/div>\n\n<div class=\"wp-block-image\">\n<figure class=\"aligncenter size-large\"><img decoding=\"async\" width=\"700\" height=\"466\" src=\"https:\/\/redepermacultura.ufsc.br\/permabrasuca\/wp-content\/uploads\/sites\/6\/2025\/07\/aceiro_detalhe_ptBR-1-700x466.png\" alt=\"\" class=\"wp-image-1465\" srcset=\"https:\/\/redepermacultura.ufsc.br\/permabrasuca\/wp-content\/uploads\/sites\/6\/2025\/07\/aceiro_detalhe_ptBR-1-700x466.png 700w, https:\/\/redepermacultura.ufsc.br\/permabrasuca\/wp-content\/uploads\/sites\/6\/2025\/07\/aceiro_detalhe_ptBR-1-300x200.png 300w, https:\/\/redepermacultura.ufsc.br\/permabrasuca\/wp-content\/uploads\/sites\/6\/2025\/07\/aceiro_detalhe_ptBR-1-768x512.png 768w, https:\/\/redepermacultura.ufsc.br\/permabrasuca\/wp-content\/uploads\/sites\/6\/2025\/07\/aceiro_detalhe_ptBR-1.png 1106w\" sizes=\"(max-width: 700px) 100vw, 700px\" \/><figcaption class=\"wp-element-caption\"><em>Detalhe do barramento do inc\u00eandio pelo aceiro ao lado da BR 230\/316.<\/em><\/figcaption><\/figure>\n<\/div>\n\n\n<h2 class=\"wp-block-heading\">Verifica\u00e7\u00e3o de aplica\u00e7\u00e3o<\/h2>\n\n\n\n<p>Todas as aplica\u00e7\u00f5es foram verificadas em agosto de 2024. O aceiro entre zonas energ\u00e9ticas foi verificado no espa\u00e7o de vida de Eust\u00e1quio e Helena no munic\u00edpio de Congonhas do Norte\/MG. Os acessos\/aceiros que protegem as Zonas 0 e 1, no espa\u00e7o de vida da fam\u00edlia Gomides em Crato\/CE e o aceiro ao lado da BR 230\/316, no munic\u00edpio de Picos\/PI.<\/p>\n\n\n\n<h2 class=\"wp-block-heading\">Refer\u00eancias de suporte<\/h2>\n\n\n\n<p>CBMGO. (2010). Norma operacional n\u00ba 03\u2014Preven\u00e7\u00e3o e Combate a Inc\u00eandio Florestal. <a href=\"https:\/\/www.bombeiros.go.gov.br\/wp-content\/uploads\/2017\/05\/NO-03-Preven%C3%A7%C3%A3o-e-Combate-a-Inc%C3%AAndio-Florestal.pdf\">https:\/\/www.bombeiros.go.gov.br\/wp-content\/uploads\/2017\/05\/NO-03-Preven%C3%A7%C3%A3o-e-Combate-a-Inc%C3%AAndio-Florestal.pdf<\/a>.<\/p>\n\n\n\n<p>PMESP. (2006). Combate a inc\u00eandios florestais. Colet\u00e2nea de manuais t\u00e9cnicos de bombeiros. <a href=\"https:\/\/www.bombeiros.com.br\/imagens\/manuais\/manual-04.pdf\">https:\/\/www.bombeiros.com.br\/imagens\/manuais\/manual-04.pdf<\/a>.<\/p>\n\n\n\n<p>Sener, H. (2024). Firebreaks: A Detailed Look. Permalogica. <a href=\"https:\/\/www.permalogica.com\/post\/firebreaks-a-detailed-look\">https:\/\/www.permalogica.com\/post\/firebreaks-a-detailed-look<\/a>.<\/p>\n\n\n\n<p>Santa Monica Mountains National Recreation Area (2025). Sustainable Defensible Space. <a href=\"https:\/\/defensiblespace.org\/\">https:\/\/defensiblespace.org\/<\/a>.<\/p>\n\n\n\n<p>&#8212;<\/p>\n","protected":false},"excerpt":{"rendered":"<p>Atualizado em&nbsp; Arthur Nanni Eventos extremos vinculados ao \u201cfogo\u201d incluem todas aquelas manifesta\u00e7\u00f5es espec\u00edficas a esse elemento natural, que podem ser preven\u00edveis ou mitig\u00e1veis. As preven\u00edveis incluem inc\u00eandios, radia\u00e7\u00e3o UV, secas prolongadas, queimadas, entre outros. J\u00e1 os mitig\u00e1veis, incluem fluxos de lava de erup\u00e7\u00f5es vulc\u00e2nicas, fluxos pirocl\u00e1sticos ou mesmo, a queda de um meteoro. A [&hellip;]<\/p>\n","protected":false},"author":1,"featured_media":0,"parent":49,"menu_order":0,"comment_status":"closed","ping_status":"closed","template":"","meta":{"footnotes":""},"coauthors":[2],"class_list":["post-55","page","type-page","status-publish","hentry"],"_links":{"self":[{"href":"https:\/\/redepermacultura.ufsc.br\/permabrasuca\/wp-json\/wp\/v2\/pages\/55","targetHints":{"allow":["GET"]}}],"collection":[{"href":"https:\/\/redepermacultura.ufsc.br\/permabrasuca\/wp-json\/wp\/v2\/pages"}],"about":[{"href":"https:\/\/redepermacultura.ufsc.br\/permabrasuca\/wp-json\/wp\/v2\/types\/page"}],"author":[{"embeddable":true,"href":"https:\/\/redepermacultura.ufsc.br\/permabrasuca\/wp-json\/wp\/v2\/users\/1"}],"replies":[{"embeddable":true,"href":"https:\/\/redepermacultura.ufsc.br\/permabrasuca\/wp-json\/wp\/v2\/comments?post=55"}],"version-history":[{"count":10,"href":"https:\/\/redepermacultura.ufsc.br\/permabrasuca\/wp-json\/wp\/v2\/pages\/55\/revisions"}],"predecessor-version":[{"id":1582,"href":"https:\/\/redepermacultura.ufsc.br\/permabrasuca\/wp-json\/wp\/v2\/pages\/55\/revisions\/1582"}],"up":[{"embeddable":true,"href":"https:\/\/redepermacultura.ufsc.br\/permabrasuca\/wp-json\/wp\/v2\/pages\/49"}],"wp:attachment":[{"href":"https:\/\/redepermacultura.ufsc.br\/permabrasuca\/wp-json\/wp\/v2\/media?parent=55"}],"wp:term":[{"taxonomy":"author","embeddable":true,"href":"https:\/\/redepermacultura.ufsc.br\/permabrasuca\/wp-json\/wp\/v2\/coauthors?post=55"}],"curies":[{"name":"wp","href":"https:\/\/api.w.org\/{rel}","templated":true}]}}