{"id":43,"date":"2021-11-29T12:15:57","date_gmt":"2021-11-29T15:15:57","guid":{"rendered":"http:\/\/redepermacultura.ufsc.br\/permaculturabrasileira\/?page_id=43"},"modified":"2025-04-24T19:07:12","modified_gmt":"2025-04-24T22:07:12","slug":"arranjos-sociais","status":"publish","type":"page","link":"https:\/\/redepermacultura.ufsc.br\/permabrasuca\/arranjos-sociais\/","title":{"rendered":"Arranjos sociais"},"content":{"rendered":"\n<p>Entenda o conceito de <a href=\"https:\/\/redepermacultura.ufsc.br\/permabrasuca\/conceitos-fundamentais\/organizacao-comunitaria\/\">Organiza\u00e7\u00e3o comunit\u00e1ria<\/a> pensada pela permacultura.<\/p>\n\n\n\n<p>Na permacultura, os arranjos sociais compreendem a organiza\u00e7\u00e3o em escala comunit\u00e1ria com suas formas de tomada de decis\u00e3o para quesitos b\u00e1sicos que promovam o bem-estar coletivo, incluindo economia, sa\u00fade, educa\u00e7\u00e3o, moradia, cultura e o planejamento para eventos extremos. <\/p>\n\n\n\n<ul class=\"wp-block-list\">\n<li><a href=\"https:\/\/redepermacultura.ufsc.br\/permabrasuca\/arranjos-sociais\/formas-de-organizacao\/\">Formas de organiza\u00e7\u00e3o<\/a><\/li>\n\n\n\n<li><a href=\"https:\/\/redepermacultura.ufsc.br\/permabrasuca\/arranjos-sociais\/tomadas-de-decisao\/\">Tomada de decis\u00e3o<\/a><\/li>\n\n\n\n<li><a href=\"https:\/\/redepermacultura.ufsc.br\/permabrasuca\/arranjos-sociais\/economia-trocas-e-compartilhamentos\/\">Economia solid\u00e1ria e colaborativa<\/a><\/li>\n\n\n\n<li><a href=\"https:\/\/redepermacultura.ufsc.br\/permabrasuca\/arranjos-sociais\/arranjos-moradias\/\">Moradia<\/a>\n<ul class=\"wp-block-list\">\n<li><a href=\"https:\/\/redepermacultura.ufsc.br\/permabrasuca\/arranjos-sociais\/arranjos-moradias\/abrigos-naturais\/\">Abrigos naturais<\/a><\/li>\n\n\n\n<li><a href=\"https:\/\/redepermacultura.ufsc.br\/permabrasuca\/arranjos-sociais\/arranjos-moradias\/escolha-e-preparo-do-terreno\/\">An\u00e1lise do terreno<\/a>\n<ul class=\"wp-block-list\">\n<li><a href=\"https:\/\/redepermacultura.ufsc.br\/permabrasuca\/arranjos-sociais\/arranjos-moradias\/escolha-e-preparo-do-terreno\/paisagem\/\">Paisagem<\/a><\/li>\n\n\n\n<li><a href=\"https:\/\/redepermacultura.ufsc.br\/permabrasuca\/arranjos-sociais\/arranjos-moradias\/escolha-e-preparo-do-terreno\/materiais-potenciais\/\">Materiais potenciais<\/a><\/li>\n<\/ul>\n<\/li>\n\n\n\n<li><a href=\"https:\/\/redepermacultura.ufsc.br\/permabrasuca\/arranjos-sociais\/arranjos-moradias\/planejamento-e-projeto\/\">Planejamento e projeto<\/a>\n<ul class=\"wp-block-list\">\n<li><a href=\"https:\/\/redepermacultura.ufsc.br\/permabrasuca\/arranjos-sociais\/arranjos-moradias\/fundacoes\/\">Funda\u00e7\u00f5es<\/a><\/li>\n\n\n\n<li><a href=\"https:\/\/redepermacultura.ufsc.br\/permabrasuca\/arranjos-sociais\/arranjos-moradias\/estruturas\/\">Estruturas<\/a><\/li>\n\n\n\n<li><a href=\"https:\/\/redepermacultura.ufsc.br\/permabrasuca\/arranjos-sociais\/arranjos-moradias\/coberturas\/\">Coberturas e telhados<\/a><\/li>\n<\/ul>\n<\/li>\n<\/ul>\n<\/li>\n\n\n\n<li><a href=\"https:\/\/redepermacultura.ufsc.br\/permabrasuca\/arranjos-sociais\/educacao\/\">Educa\u00e7\u00e3o e cultura<\/a><\/li>\n\n\n\n<li><a href=\"https:\/\/redepermacultura.ufsc.br\/permabrasuca\/arranjos-sociais\/saude\/\">Sa\u00fade<\/a><\/li>\n\n\n\n<li><a href=\"https:\/\/redepermacultura.ufsc.br\/permabrasuca\/arranjos-sociais\/planejamentos-para-eventos-extremos\/\">Planejamento para eventos extremos<\/a>\n<ul class=\"wp-block-list\">\n<li><a href=\"https:\/\/redepermacultura.ufsc.br\/permabrasuca\/arranjos-sociais\/planejamentos-para-eventos-extremos\/elemento-terra\/\">Elemento Terra<\/a><\/li>\n\n\n\n<li><a href=\"https:\/\/redepermacultura.ufsc.br\/permabrasuca\/arranjos-sociais\/planejamentos-para-eventos-extremos\/elemento-ar\/\">Elemento Ar<\/a><\/li>\n\n\n\n<li><a href=\"https:\/\/redepermacultura.ufsc.br\/permabrasuca\/arranjos-sociais\/planejamentos-para-eventos-extremos\/elemento-fogo\/\">Elemento Fogo<\/a><\/li>\n\n\n\n<li><a href=\"https:\/\/redepermacultura.ufsc.br\/permabrasuca\/arranjos-sociais\/planejamentos-para-eventos-extremos\/elemento-agua\/\">Elemento \u00c1gua<\/a><\/li>\n<\/ul>\n<\/li>\n<\/ul>\n","protected":false},"excerpt":{"rendered":"<p>Entenda o conceito de Organiza\u00e7\u00e3o comunit\u00e1ria pensada pela permacultura. Na permacultura, os arranjos sociais compreendem a organiza\u00e7\u00e3o em escala comunit\u00e1ria com suas formas de tomada de decis\u00e3o para quesitos b\u00e1sicos que promovam o bem-estar coletivo, incluindo economia, sa\u00fade, educa\u00e7\u00e3o, moradia, cultura e o planejamento para eventos extremos.<\/p>\n","protected":false},"author":1,"featured_media":0,"parent":0,"menu_order":6,"comment_status":"closed","ping_status":"closed","template":"","meta":{"footnotes":""},"coauthors":[2],"class_list":["post-43","page","type-page","status-publish","hentry"],"_links":{"self":[{"href":"https:\/\/redepermacultura.ufsc.br\/permabrasuca\/wp-json\/wp\/v2\/pages\/43","targetHints":{"allow":["GET"]}}],"collection":[{"href":"https:\/\/redepermacultura.ufsc.br\/permabrasuca\/wp-json\/wp\/v2\/pages"}],"about":[{"href":"https:\/\/redepermacultura.ufsc.br\/permabrasuca\/wp-json\/wp\/v2\/types\/page"}],"author":[{"embeddable":true,"href":"https:\/\/redepermacultura.ufsc.br\/permabrasuca\/wp-json\/wp\/v2\/users\/1"}],"replies":[{"embeddable":true,"href":"https:\/\/redepermacultura.ufsc.br\/permabrasuca\/wp-json\/wp\/v2\/comments?post=43"}],"version-history":[{"count":5,"href":"https:\/\/redepermacultura.ufsc.br\/permabrasuca\/wp-json\/wp\/v2\/pages\/43\/revisions"}],"predecessor-version":[{"id":1276,"href":"https:\/\/redepermacultura.ufsc.br\/permabrasuca\/wp-json\/wp\/v2\/pages\/43\/revisions\/1276"}],"wp:attachment":[{"href":"https:\/\/redepermacultura.ufsc.br\/permabrasuca\/wp-json\/wp\/v2\/media?parent=43"}],"wp:term":[{"taxonomy":"author","embeddable":true,"href":"https:\/\/redepermacultura.ufsc.br\/permabrasuca\/wp-json\/wp\/v2\/coauthors?post=43"}],"curies":[{"name":"wp","href":"https:\/\/api.w.org\/{rel}","templated":true}]}}