{"id":231,"date":"2021-12-21T19:37:01","date_gmt":"2021-12-21T22:37:01","guid":{"rendered":"http:\/\/redepermacultura.ufsc.br\/permaculturabrasileira\/?page_id=231"},"modified":"2025-08-03T17:10:03","modified_gmt":"2025-08-03T20:10:03","slug":"contextos-fitoecologicos","status":"publish","type":"page","link":"https:\/\/redepermacultura.ufsc.br\/permabrasuca\/contextos-fitoecologicos\/","title":{"rendered":"Contextos fitoecol\u00f3gicos"},"content":{"rendered":"\n<div class=\"wp-block-group is-nowrap is-layout-flex wp-container-core-group-is-layout-ad2f72ca wp-block-group-is-layout-flex\">\n<p class=\"has-small-font-size\">Atualizado em<\/p>\n\n\n<div class=\"wp-block-post-date__modified-date wp-block-post-date has-small-font-size\"><time datetime=\"2025-08-03T17:10:03-03:00\">3 de agosto de 2025<\/time><\/div><\/div>\n\n\n\n<p class=\"has-text-align-right\"><em>Arthur Nanni<\/em><\/p>\n\n\n\n<p>Uma boa leitura da paisagem \u00e9 um dos principais aspectos a serem considerados na tomada de decis\u00e3o sobre quais t\u00e9cnicas devem ou n\u00e3o serem adotadas em um espa\u00e7o planejado pela l\u00f3gica da permacultura, pois a paisagem \u00e9 sempre &#8220;<span dir=\"ltr\" role=\"presentation\">fruto da intera<\/span><span dir=\"ltr\" role=\"presentation\">\u00e7\u00e3o entre os componentes bi\u00f3ticos (vegeta\u00e7\u00e3o e animais) e abi\u00f3ticos <\/span><span dir=\"ltr\" role=\"presentation\">(clima, rocha, relevo e solo) resultando, em diferentes ambientes e, <\/span><span dir=\"ltr\" role=\"presentation\">consequentemente, in\u00fameras fisiosionomias vegetacionais ou tipos de ve<\/span><span dir=\"ltr\" role=\"presentation\">geta\u00e7\u00e3o&#8221; (IBGE, 2019).<\/span><\/p>\n\n\n\n<p>Nesse sentido, entendemos que a manifesta\u00e7\u00e3o de vida em superf\u00edcie, atrav\u00e9s da vegeta\u00e7\u00e3o, nos d\u00e1 uma excelente ideia sobre as condi\u00e7\u00f5es biogeoclim\u00e1ticas de uma determinada paisagem. Sendo assim, adotamos como guia espacial de planejamento, os contextos fitoecol\u00f3gicos estabelecidos pelo IBGE, atrav\u00e9s da publica\u00e7\u00e3o <span dir=\"ltr\" role=\"presentation\"><a href=\"https:\/\/www.ibge.gov.br\/apps\/macrocaracterizacao\/#\/home\">Macrocaracteriza\u00e7\u00e3o dos Recursos Naturais do Brasil<\/a><\/span><span dir=\"ltr\" role=\"presentation\">. M<\/span><span dir=\"ltr\" role=\"presentation\">ais especificamente, utilizamos as <strong>Regi\u00f5es Fitoecol\u00f3gicas<\/strong> propostas nessa obra, para estabelecer um guia de aplicabilidade das t\u00e9cnicas estudadas e aqui apresentadas. Conforme IBGE (2019), as Regi\u00f5es F<\/span>itoecol\u00f3gicas podem ser definidas &#8220;<span dir=\"ltr\" role=\"presentation\">como um espa\u00e7o <\/span><span dir=\"ltr\" role=\"presentation\">definido por uma flor\u00edstica de g\u00eaneros t\u00edpicos e de formas biol\u00f3gicas <\/span><span dir=\"ltr\" role=\"presentation\">caracter\u00edsticas que se repetem dentro de um mesmo clima, podendo <\/span><span dir=\"ltr\" role=\"presentation\">ocorrer em terrenos de litologia variada, mas com relevo bem-marcado&#8221;.<\/span><\/p>\n\n\n\n<p>A obra prop\u00f5e um total de <span dir=\"ltr\" role=\"presentation\">nove Regi\u00f5es Fitoecol\u00f3gicas (tipos de vegeta\u00e7\u00e3o) e<\/span><br role=\"presentation\"><span dir=\"ltr\" role=\"presentation\">Outras \u00c1reas. Um \u00edcone foi criado para cada uma dessas regi\u00f5es ou \u00e1reas, visando orientar o leitor sobre qual\/is regi\u00f5es uma determinada t\u00e9cnica harmoniza com o contexto fitoecol\u00f3gico. \u00c0s nove regi\u00f5es foram assim estabelecidas:<\/span><\/p>\n\n\n<p><span dir=\"ltr\" role=\"presentation\"><a href=\"https:\/\/redepermacultura.ufsc.br\/permabrasuca\/wp-content\/uploads\/sites\/6\/2024\/12\/FOD.pdf\"><img decoding=\"async\" class=\"alignnone wp-image-483 size-full\" src=\"http:\/\/redepermacultura.ufsc.br\/permaculturabrasileira\/wp-content\/uploads\/sites\/6\/2022\/09\/fod.png\" alt=\"\" width=\"40\" height=\"20\" \/><\/a>\u00a0Floresta Ombr\u00f3fila Densa (Floresta Tropical Pluvial);<br \/><\/span><span dir=\"ltr\" role=\"presentation\"><a href=\"https:\/\/redepermacultura.ufsc.br\/permabrasuca\/wp-content\/uploads\/sites\/6\/2024\/12\/FOA.pdf\"><img decoding=\"async\" class=\"alignnone wp-image-491 size-full\" src=\"http:\/\/redepermacultura.ufsc.br\/permaculturabrasileira\/wp-content\/uploads\/sites\/6\/2022\/09\/foa.png\" alt=\"\" width=\"40\" height=\"20\" \/><\/a>\u00a0Floresta Ombr\u00f3fila Aberta;<br \/><\/span><span dir=\"ltr\" role=\"presentation\"><a href=\"https:\/\/redepermacultura.ufsc.br\/permabrasuca\/wp-content\/uploads\/sites\/6\/2024\/12\/FOM.pdf\"><img decoding=\"async\" class=\"alignnone wp-image-493 size-full\" src=\"http:\/\/redepermacultura.ufsc.br\/permaculturabrasileira\/wp-content\/uploads\/sites\/6\/2022\/09\/fom.png\" alt=\"\" width=\"40\" height=\"20\" \/><\/a>\u00a0Floresta Ombr\u00f3fila Mista;<br \/><\/span><span dir=\"ltr\" role=\"presentation\"><a href=\"https:\/\/redepermacultura.ufsc.br\/permabrasuca\/wp-content\/uploads\/sites\/6\/2024\/12\/FES.pdf\"><img decoding=\"async\" class=\"alignnone wp-image-492 size-full\" src=\"http:\/\/redepermacultura.ufsc.br\/permaculturabrasileira\/wp-content\/uploads\/sites\/6\/2022\/09\/fes.png\" alt=\"\" width=\"40\" height=\"20\" \/><\/a>\u00a0Floresta Estacional Semidecidual;<br \/><\/span><span dir=\"ltr\" role=\"presentation\"><a href=\"https:\/\/redepermacultura.ufsc.br\/permabrasuca\/wp-content\/uploads\/sites\/6\/2024\/12\/FED.pdf\"><img decoding=\"async\" class=\"alignnone wp-image-494 size-full\" src=\"http:\/\/redepermacultura.ufsc.br\/permaculturabrasileira\/wp-content\/uploads\/sites\/6\/2022\/09\/fed.png\" alt=\"\" width=\"40\" height=\"20\" \/><\/a>\u00a0Floresta Estacional Decidual (Floresta Tropical Caducif\u00f3lia);<br \/><\/span><span dir=\"ltr\" role=\"presentation\"><a href=\"https:\/\/redepermacultura.ufsc.br\/permabrasuca\/wp-content\/uploads\/sites\/6\/2024\/12\/CAM.pdf\"><img decoding=\"async\" class=\"alignnone wp-image-496 size-full\" src=\"http:\/\/redepermacultura.ufsc.br\/permaculturabrasileira\/wp-content\/uploads\/sites\/6\/2022\/09\/cam.png\" alt=\"\" width=\"40\" height=\"20\" \/><\/a>\u00a0Campinarana;<br \/><\/span><a href=\"https:\/\/redepermacultura.ufsc.br\/permabrasuca\/wp-content\/uploads\/sites\/6\/2024\/12\/SAV.pdf\"><img decoding=\"async\" class=\"alignnone wp-image-500 size-full\" src=\"http:\/\/redepermacultura.ufsc.br\/permaculturabrasileira\/wp-content\/uploads\/sites\/6\/2022\/09\/sav.png\" alt=\"\" width=\"40\" height=\"20\" \/><\/a>\u00a0Savana;<br \/><span dir=\"ltr\" role=\"presentation\"><a href=\"https:\/\/redepermacultura.ufsc.br\/permabrasuca\/wp-content\/uploads\/sites\/6\/2024\/12\/SES.pdf\"><img decoding=\"async\" class=\"alignnone wp-image-499 size-full\" src=\"http:\/\/redepermacultura.ufsc.br\/permaculturabrasileira\/wp-content\/uploads\/sites\/6\/2022\/09\/ses.png\" alt=\"\" width=\"40\" height=\"20\" \/><\/a>\u00a0Savana-Est\u00e9pica (Caatinga); e<br \/><\/span><a href=\"https:\/\/redepermacultura.ufsc.br\/permabrasuca\/wp-content\/uploads\/sites\/6\/2024\/12\/EST.pdf\"><img decoding=\"async\" class=\"alignnone wp-image-495 size-full\" src=\"http:\/\/redepermacultura.ufsc.br\/permaculturabrasileira\/wp-content\/uploads\/sites\/6\/2022\/09\/est.png\" alt=\"\" width=\"40\" height=\"20\" \/><\/a>\u00a0Estepe.<\/p>\n<p><span dir=\"ltr\" role=\"presentation\">As outras \u00e1reas s\u00e3o constitu\u00eddas de:<br \/><\/span><span dir=\"ltr\" role=\"presentation\"><a href=\"https:\/\/redepermacultura.ufsc.br\/permabrasuca\/wp-content\/uploads\/sites\/6\/2024\/12\/PIO.pdf\"><img decoding=\"async\" class=\"alignnone wp-image-498\" src=\"http:\/\/redepermacultura.ufsc.br\/permaculturabrasileira\/wp-content\/uploads\/sites\/6\/2022\/09\/pio.png\" alt=\"\" width=\"40\" height=\"20\" \/><\/a>\u00a0Forma\u00e7\u00f5es Pioneiras (Mangues, Res<\/span><span dir=\"ltr\" role=\"presentation\">tingas e Vegeta\u00e7\u00e3o Aluvial) e<br \/><\/span><span dir=\"ltr\" role=\"presentation\"><a href=\"https:\/\/redepermacultura.ufsc.br\/permabrasuca\/wp-content\/uploads\/sites\/6\/2024\/12\/ATE.pdf\"><img decoding=\"async\" class=\"alignnone wp-image-497 size-full\" src=\"http:\/\/redepermacultura.ufsc.br\/permaculturabrasileira\/wp-content\/uploads\/sites\/6\/2022\/09\/ate.png\" alt=\"\" width=\"40\" height=\"20\" \/><\/a>\u00a0\u00c1reas de Tens\u00e3o Ecol\u00f3gica (\u00e1reas de\u00a0<\/span><span dir=\"ltr\" role=\"presentation\">contato\/transi\u00e7\u00e3o entre dois ou tr\u00eas tipos de vegeta\u00e7\u00e3o).<\/span><\/p>\n\n\n<p><span dir=\"ltr\" role=\"presentation\">Segundo IBGE (2019),&nbsp;<\/span><\/p>\n\n\n\n<blockquote class=\"wp-block-quote is-layout-flow wp-block-quote-is-layout-flow\">\n<p><span dir=\"ltr\" role=\"presentation\">As Forma\u00e7\u00f5es Pioneiras s\u00e3o \u00e1reas pedologicamente inst\u00e1veis, com sedimentos <\/span><span dir=\"ltr\" role=\"presentation\">inconsolidados ou pouco consolidados, sob a influ\u00eancia de diferentes processos de<\/span> <span dir=\"ltr\" role=\"presentation\">acumula\u00e7\u00e3o: marinha (Restingas), fluviomarinha (Manguezal e Campo Salino) e aluvial <\/span><span dir=\"ltr\" role=\"presentation\">(Comunidades Aluviais).<\/span><\/p>\n<\/blockquote>\n\n\n\n<p><span dir=\"ltr\" role=\"presentation\">J\u00e1 as \u00c1reas de Tens\u00e3o Ecol\u00f3gica (Contatos), &#8220;est\u00e3o entre duas ou mais Regi\u00f5es Fitoeco<\/span><span dir=\"ltr\" role=\"presentation\">l\u00f3gicas e se misturam ou formam mosaicos de vegeta\u00e7\u00e3o&#8221; (IBGE, 2019), sabidamente mais biodiversas por se tratarem de ec\u00f3tonos, onde o efeito de borda permite a sobreposi\u00e7\u00e3o de fei\u00e7\u00f5es de diferentes regi\u00f5es fitoecol\u00f3gicas.<\/span><\/p>\n\n\n<div class=\"wp-block-image\">\n<figure class=\"aligncenter\"><a href=\"http:\/\/redepermacultura.ufsc.br\/permaculturabrasileira\/wp-content\/uploads\/sites\/6\/2022\/09\/regioes_fitoecologicas.png\"><img decoding=\"async\" width=\"700\" height=\"993\" src=\"http:\/\/redepermacultura.ufsc.br\/permaculturabrasileira\/wp-content\/uploads\/sites\/6\/2022\/09\/regioes_fitoecologicas-700x993.png\" alt=\"\" class=\"wp-image-476\" srcset=\"https:\/\/redepermacultura.ufsc.br\/permabrasuca\/wp-content\/uploads\/sites\/6\/2022\/09\/regioes_fitoecologicas-700x993.png 700w, https:\/\/redepermacultura.ufsc.br\/permabrasuca\/wp-content\/uploads\/sites\/6\/2022\/09\/regioes_fitoecologicas-211x300.png 211w, https:\/\/redepermacultura.ufsc.br\/permabrasuca\/wp-content\/uploads\/sites\/6\/2022\/09\/regioes_fitoecologicas-768x1090.png 768w, https:\/\/redepermacultura.ufsc.br\/permabrasuca\/wp-content\/uploads\/sites\/6\/2022\/09\/regioes_fitoecologicas-1082x1536.png 1082w, https:\/\/redepermacultura.ufsc.br\/permabrasuca\/wp-content\/uploads\/sites\/6\/2022\/09\/regioes_fitoecologicas-1443x2048.png 1443w, https:\/\/redepermacultura.ufsc.br\/permabrasuca\/wp-content\/uploads\/sites\/6\/2022\/09\/regioes_fitoecologicas-1008x1430.png 1008w\" sizes=\"(max-width: 700px) 100vw, 700px\" \/><\/a><figcaption class=\"wp-element-caption\">Regi\u00f5es fitoecol\u00f3gicas (IBGE, 2019)<\/figcaption><\/figure>\n<\/div>\n\n\n<p><a href=\"https:\/\/geoftp.ibge.gov.br\/informacoes_ambientais\/vegetacao\/mapas\/brasil\/vegetacao.pdf\">Acesse aqui<\/a> esse mesmo mapa mais detalhado em formato PDF.<\/p>\n\n\n\n<h2 class=\"wp-block-heading\">Refer\u00eancias<\/h2>\n\n\n\n<p>Instituto Brasileiro de Geografia e Estat\u00edstica (2019). Regi\u00f5es fitoecol\u00f3gicas. In: Macrocaracteriza\u00e7\u00e3o dos Recursos Naturais do Brasil. <a href=\"https:\/\/www.ibge.gov.br\/apps\/macrocaracterizacao\/#\/home\">https:\/\/www.ibge.gov.br\/apps\/macrocaracterizacao\/#\/home<\/a><\/p>\n\n\n\n<p><\/p>\n","protected":false},"excerpt":{"rendered":"<p>Atualizado em Arthur Nanni Uma boa leitura da paisagem \u00e9 um dos principais aspectos a serem considerados na tomada de decis\u00e3o sobre quais t\u00e9cnicas devem ou n\u00e3o serem adotadas em um espa\u00e7o planejado pela l\u00f3gica da permacultura, pois a paisagem \u00e9 sempre &#8220;fruto da intera\u00e7\u00e3o entre os componentes bi\u00f3ticos (vegeta\u00e7\u00e3o e animais) e abi\u00f3ticos (clima, [&hellip;]<\/p>\n","protected":false},"author":1,"featured_media":0,"parent":0,"menu_order":0,"comment_status":"closed","ping_status":"closed","template":"","meta":{"footnotes":""},"coauthors":[2,6],"class_list":["post-231","page","type-page","status-publish","hentry"],"_links":{"self":[{"href":"https:\/\/redepermacultura.ufsc.br\/permabrasuca\/wp-json\/wp\/v2\/pages\/231","targetHints":{"allow":["GET"]}}],"collection":[{"href":"https:\/\/redepermacultura.ufsc.br\/permabrasuca\/wp-json\/wp\/v2\/pages"}],"about":[{"href":"https:\/\/redepermacultura.ufsc.br\/permabrasuca\/wp-json\/wp\/v2\/types\/page"}],"author":[{"embeddable":true,"href":"https:\/\/redepermacultura.ufsc.br\/permabrasuca\/wp-json\/wp\/v2\/users\/1"}],"replies":[{"embeddable":true,"href":"https:\/\/redepermacultura.ufsc.br\/permabrasuca\/wp-json\/wp\/v2\/comments?post=231"}],"version-history":[{"count":33,"href":"https:\/\/redepermacultura.ufsc.br\/permabrasuca\/wp-json\/wp\/v2\/pages\/231\/revisions"}],"predecessor-version":[{"id":1536,"href":"https:\/\/redepermacultura.ufsc.br\/permabrasuca\/wp-json\/wp\/v2\/pages\/231\/revisions\/1536"}],"wp:attachment":[{"href":"https:\/\/redepermacultura.ufsc.br\/permabrasuca\/wp-json\/wp\/v2\/media?parent=231"}],"wp:term":[{"taxonomy":"author","embeddable":true,"href":"https:\/\/redepermacultura.ufsc.br\/permabrasuca\/wp-json\/wp\/v2\/coauthors?post=231"}],"curies":[{"name":"wp","href":"https:\/\/api.w.org\/{rel}","templated":true}]}}