{"id":229,"date":"2021-12-21T19:36:00","date_gmt":"2021-12-21T22:36:00","guid":{"rendered":"http:\/\/redepermacultura.ufsc.br\/permaculturabrasileira\/?page_id=229"},"modified":"2026-04-08T13:37:17","modified_gmt":"2026-04-08T16:37:17","slug":"conceitos-fundamentais","status":"publish","type":"page","link":"https:\/\/redepermacultura.ufsc.br\/permabrasuca\/conceitos-fundamentais\/","title":{"rendered":"Conceitos fundamentais"},"content":{"rendered":"\n<p>A permacultura \u00e9 considerada uma ci\u00eancia socioambiental de planejamento de assentamentos humanos autossustent\u00e1veis, que evoluem naturalmente em relacionamentos din\u00e2micos e renov\u00e1veis com o ambiente ao seu redor, que congrega o saber cient\u00edfico com o tradicional popular e visa, \u00e9 claro, a nossa perman\u00eancia como esp\u00e9cie na Terra.<\/p>\n\n\n\n<p>Por ser uma ci\u00eancia sist\u00eamica, a permacultura pode, num primeiro momento, parecer incompreens\u00edvel para mentes cartesianas, doutrinadas para pensar um mundo atrav\u00e9s de caixinhas. Assim, esse item traz conceitos fundamentais que auxiliam ao leitor na interpreta\u00e7\u00e3o de uma abordagem hol\u00edstica, buscando revelar o que est\u00e1 por tr\u00e1s da l\u00f3gica de planejamento proposta pela permacultura. Dentre esses conceitos, destacamos:<\/p>\n\n\n\n<ul class=\"wp-block-list\">\n<li><a href=\"https:\/\/redepermacultura.ufsc.br\/permabrasuca\/conceitos-fundamentais\/etica-e-principios-de-planejamento\/\">\u00c9tica e princ\u00edpios de planejamento<\/a><\/li>\n\n\n\n<li><a href=\"https:\/\/redepermacultura.ufsc.br\/permabrasuca\/conceitos-fundamentais\/sucessao_ecologica\/\">Sucess\u00e3o ecol\u00f3gica<\/a><\/li>\n\n\n\n<li><a href=\"https:\/\/redepermacultura.ufsc.br\/permabrasuca\/contextos-fitoecologicos\/\">Contextos fitoecol\u00f3gicos<\/a><\/li>\n\n\n\n<li><a href=\"https:\/\/redepermacultura.ufsc.br\/permabrasuca\/conceitos-fundamentais\/planejamento-permacultural\/\">O planejamento permacultural<\/a><\/li>\n\n\n\n<li><a href=\"https:\/\/redepermacultura.ufsc.br\/permabrasuca\/conceitos-fundamentais\/agua-conceitos\/\">\u00c1guas na paisagem<\/a><\/li>\n\n\n\n<li><a href=\"https:\/\/redepermacultura.ufsc.br\/permabrasuca\/conceitos-fundamentais\/fluxos-de-energias\/\">Fluxos e nichos de energias<\/a><\/li>\n\n\n\n<li><a href=\"https:\/\/redepermacultura.ufsc.br\/permabrasuca\/conceitos-fundamentais\/moradia\/\">Moradia<\/a><\/li>\n\n\n\n<li><a href=\"https:\/\/redepermacultura.ufsc.br\/permabrasuca\/eventos-extremos\/\">Eventos extremos<\/a><\/li>\n\n\n\n<li><a href=\"https:\/\/redepermacultura.ufsc.br\/permabrasuca\/conceitos-fundamentais\/organizacao-comunitaria\/\">Organiza\u00e7\u00e3o social<\/a><\/li>\n<\/ul>\n\n\n\n<p><\/p>\n","protected":false},"excerpt":{"rendered":"<p>A permacultura \u00e9 considerada uma ci\u00eancia socioambiental de planejamento de assentamentos humanos autossustent\u00e1veis, que evoluem naturalmente em relacionamentos din\u00e2micos e renov\u00e1veis com o ambiente ao seu redor, que congrega o saber cient\u00edfico com o tradicional popular e visa, \u00e9 claro, a nossa perman\u00eancia como esp\u00e9cie na Terra. Por ser uma ci\u00eancia sist\u00eamica, a permacultura pode, [&hellip;]<\/p>\n","protected":false},"author":1,"featured_media":0,"parent":0,"menu_order":1,"comment_status":"closed","ping_status":"closed","template":"","meta":{"footnotes":""},"coauthors":[2,6,7,3],"class_list":["post-229","page","type-page","status-publish","hentry"],"_links":{"self":[{"href":"https:\/\/redepermacultura.ufsc.br\/permabrasuca\/wp-json\/wp\/v2\/pages\/229","targetHints":{"allow":["GET"]}}],"collection":[{"href":"https:\/\/redepermacultura.ufsc.br\/permabrasuca\/wp-json\/wp\/v2\/pages"}],"about":[{"href":"https:\/\/redepermacultura.ufsc.br\/permabrasuca\/wp-json\/wp\/v2\/types\/page"}],"author":[{"embeddable":true,"href":"https:\/\/redepermacultura.ufsc.br\/permabrasuca\/wp-json\/wp\/v2\/users\/1"}],"replies":[{"embeddable":true,"href":"https:\/\/redepermacultura.ufsc.br\/permabrasuca\/wp-json\/wp\/v2\/comments?post=229"}],"version-history":[{"count":25,"href":"https:\/\/redepermacultura.ufsc.br\/permabrasuca\/wp-json\/wp\/v2\/pages\/229\/revisions"}],"predecessor-version":[{"id":2352,"href":"https:\/\/redepermacultura.ufsc.br\/permabrasuca\/wp-json\/wp\/v2\/pages\/229\/revisions\/2352"}],"wp:attachment":[{"href":"https:\/\/redepermacultura.ufsc.br\/permabrasuca\/wp-json\/wp\/v2\/media?parent=229"}],"wp:term":[{"taxonomy":"author","embeddable":true,"href":"https:\/\/redepermacultura.ufsc.br\/permabrasuca\/wp-json\/wp\/v2\/coauthors?post=229"}],"curies":[{"name":"wp","href":"https:\/\/api.w.org\/{rel}","templated":true}]}}