{"id":12,"date":"2021-11-29T11:56:21","date_gmt":"2021-11-29T14:56:21","guid":{"rendered":"http:\/\/redepermacultura.ufsc.br\/permaculturabrasileira\/?page_id=12"},"modified":"2026-01-31T13:40:37","modified_gmt":"2026-01-31T16:40:37","slug":"sobre","status":"publish","type":"page","link":"https:\/\/redepermacultura.ufsc.br\/permabrasuca\/sobre\/","title":{"rendered":"Permabrasuca"},"content":{"rendered":"\n<p>Permabrasuca \u00e9 um projeto de pesquisa desenvolvido pela <a href=\"https:\/\/redepermacultura.ufsc.br\/\">Rede NEPerma Brasil<\/a>, que busca resgatar, compreender e revelar como evoluiu a permacultura em terras brasileiras, ap\u00f3s tr\u00eas d\u00e9cadas de intera\u00e7\u00f5es entre os conceitos propostos pelos australianos Bill Mollison e David Holmgren e, os praticados em nosso pa\u00eds.<\/p>\n\n\n\n<p>As estrat\u00e9gias brasucas de perman\u00eancia incluem experi\u00eancias de permacultores formados desde a primeira onda em 1992 e, tamb\u00e9m, os saberes dos povos origin\u00e1rios, tradicionais, rurais ou urbanos que seguem desenvolvendo t\u00e9cnicas e tecnologias sociais de conviv\u00eancia harmoniosa com os ecossistemas, revelando as muitas Permaculturas que temos no Brasil.<\/p>\n\n\n\n<p>Assim, o projeto objetiva o reconhecimento e sistematiza\u00e7\u00e3o dessas estrat\u00e9gias, com a finalidade de popularizar conhecimentos da permacultura por meio desta plataforma digital de troca de saberes, que organiza informa\u00e7\u00f5es de forma din\u00e2mica e em constante desenvolvimento.<\/p>\n\n\n<div class=\"wp-block-image\">\n<figure class=\"alignleft size-full\"><img decoding=\"async\" width=\"67\" height=\"59\" src=\"https:\/\/redepermacultura.ufsc.br\/permabrasuca\/wp-content\/uploads\/sites\/6\/2025\/04\/advertencia.png\" alt=\"\" class=\"wp-image-1182\"\/><\/figure>\n<\/div>\n\n\n<p class=\"has-vivid-red-color has-text-color has-link-color wp-elements-f6564762cce49cc31bcfd0793b21f288\">As t\u00e9cnicas e tecnologias sociais descritas na plataforma n\u00e3o s\u00e3o necessariamente propostas ou praticadas apenas pela permacultura. Elas s\u00e3o consideradas apropriadas a promo\u00e7\u00e3o de uma cultura de perman\u00eancia nos diferentes contextos de vida em que nos encontramos. Dessa forma, a permacultura n\u00e3o est\u00e1 se apropriando dessas t\u00e9cnicas ou tecnologias sociais, mas sim, reconhecendo sua import\u00e2ncia na constru\u00e7\u00e3o de um mundo mais harmonioso e fraterno com outros seres vivos.<\/p>\n\n\n<div class=\"wp-block-image\">\n<figure class=\"alignright size-full is-resized\"><img decoding=\"async\" width=\"250\" height=\"250\" src=\"https:\/\/redepermacultura.ufsc.br\/permabrasuca\/wp-content\/uploads\/sites\/6\/2026\/01\/sem_ai.png\" alt=\"\" class=\"wp-image-2300\" style=\"width:128px;height:auto\" srcset=\"https:\/\/redepermacultura.ufsc.br\/permabrasuca\/wp-content\/uploads\/sites\/6\/2026\/01\/sem_ai.png 250w, https:\/\/redepermacultura.ufsc.br\/permabrasuca\/wp-content\/uploads\/sites\/6\/2026\/01\/sem_ai-150x150.png 150w\" sizes=\"(max-width: 250px) 100vw, 250px\" \/><\/figure>\n<\/div>\n\n\n<p><span style=\"font-weight: 400\">A plataforma tem a expectativa de apresentar produtos consolidados de consulta e suporte \u00e0 tomada de decis\u00e3o por parte de agentes p\u00fablicos, extensionistas, entusiastas, praticantes e docentes da educa\u00e7\u00e3o b\u00e1sica \u00e0 superior, para fomentar a educa\u00e7\u00e3o ambiental cr\u00edtica de crian\u00e7as, jovens e adultos.<\/span><\/p>\n\n\n\n<p><span style=\"font-weight: 400\">As sistematiza\u00e7\u00f5es geradas poder\u00e3o auxiliar, ainda, na execu\u00e7\u00e3o de projetos voltados ao compartilhamento dos saberes sobre t\u00e9cnicas e tecnologias sociais no atendimento de demandas de povos ind\u00edgenas, assentados, quilombolas, neorrurais, dentre outros.<\/span><\/p>\n\n\n<div class=\"wp-block-image\">\n<figure class=\"alignleft size-full is-resized\"><img decoding=\"async\" width=\"67\" height=\"59\" src=\"https:\/\/redepermacultura.ufsc.br\/permabrasuca\/wp-content\/uploads\/sites\/6\/2025\/04\/em_desenvolvimento.png\" alt=\"\" class=\"wp-image-1183\" style=\"width:67px;height:auto\"\/><\/figure>\n<\/div>\n\n\n<p><mark style=\"background-color:rgba(0, 0, 0, 0)\" class=\"has-inline-color has-vivid-red-color\">O conte\u00fado da plataforma \u00e9 din\u00e2mico e est\u00e1 em constante constru\u00e7\u00e3o. Assim, voc\u00ea poder\u00e1 encontrar conte\u00fados com partes ainda inacabadas, links quebrados, avisos de inser\u00e7\u00e3o de conte\u00fados que faltaram, etc. Ao se deparar com coisas de tipo, por favor, avise-nos por e-mail <a href=\"mailto:redepermacultura@gmail.com\">redepermacultura@gmail.com<\/a>.<\/mark><\/p>\n\n\n\n<p>Veja em <a href=\"https:\/\/redepermacultura.ufsc.br\/permabrasuca\/sobre\/como-consultar-conteudos\/\">Como consultar os conte\u00fados?<\/a>, orienta\u00e7\u00f5es para ler e melhor compreender t\u00e9cnicas e tecnologias sociais que visam nossa perman\u00eancia Brasil afora.<\/p>\n\n\n\n<p>Esperamos que as informa\u00e7\u00f5es aqui apresentadas possam ser \u00fateis ao desenvolvimento de suas atividades pessoais e profissionais. Caso deseje compartilhar suas impress\u00f5es conosco, <a href=\"https:\/\/redepermacultura.ufsc.br\/permabrasuca\/sobre\/contato-2\/\">entre em contado conosco<\/a>.<\/p>\n\n\n\n<h1 class=\"wp-block-heading\">Licen\u00e7a de uso<\/h1>\n\n\n<div class=\"wp-block-image size-medium\">\n<figure class=\"alignright\"><img decoding=\"async\" src=\"https:\/\/br.creativecommons.net\/wp-content\/uploads\/sites\/30\/2020\/09\/by-nc-sa.jpg\" alt=\"\"\/><figcaption class=\"wp-element-caption\">Atribui\u00e7\u00e3o-N\u00e3o-Comercial-Compartilha Igual CC BY-NC-SA<\/figcaption><\/figure>\n<\/div>\n\n\n<p>Esta licen\u00e7a permite que outros remixem, adaptem e criem a partir do seu trabalho para fins n\u00e3o comerciais, desde que atribuam a voc\u00ea o devido cr\u00e9dito e que licenciem as novas cria\u00e7\u00f5es sob termos id\u00eanticos. <a href=\"https:\/\/creativecommons.org\/licenses\/by-nc-sa\/4.0\/legalcode\">Veja mais informa\u00e7\u00f5es<\/a>.<\/p>\n\n\n\n<p>Veja em <strong><a href=\"https:\/\/redepermacultura.ufsc.br\/permabrasuca\/como-citar\/\" target=\"_blank\" rel=\"noreferrer noopener\">Como citar?<\/a><\/strong>, as formas para incluir o Permabrasuca em suas publica\u00e7\u00f5es.<\/p>\n","protected":false},"excerpt":{"rendered":"<p>Permabrasuca \u00e9 um projeto de pesquisa desenvolvido pela Rede NEPerma Brasil, que busca resgatar, compreender e revelar como evoluiu a permacultura em terras brasileiras, ap\u00f3s tr\u00eas d\u00e9cadas de intera\u00e7\u00f5es entre os conceitos propostos pelos australianos Bill Mollison e David Holmgren e, os praticados em nosso pa\u00eds. As estrat\u00e9gias brasucas de perman\u00eancia incluem experi\u00eancias de permacultores [&hellip;]<\/p>\n","protected":false},"author":1,"featured_media":0,"parent":0,"menu_order":9,"comment_status":"closed","ping_status":"closed","template":"","meta":{"footnotes":""},"coauthors":[2],"class_list":["post-12","page","type-page","status-publish","hentry"],"_links":{"self":[{"href":"https:\/\/redepermacultura.ufsc.br\/permabrasuca\/wp-json\/wp\/v2\/pages\/12","targetHints":{"allow":["GET"]}}],"collection":[{"href":"https:\/\/redepermacultura.ufsc.br\/permabrasuca\/wp-json\/wp\/v2\/pages"}],"about":[{"href":"https:\/\/redepermacultura.ufsc.br\/permabrasuca\/wp-json\/wp\/v2\/types\/page"}],"author":[{"embeddable":true,"href":"https:\/\/redepermacultura.ufsc.br\/permabrasuca\/wp-json\/wp\/v2\/users\/1"}],"replies":[{"embeddable":true,"href":"https:\/\/redepermacultura.ufsc.br\/permabrasuca\/wp-json\/wp\/v2\/comments?post=12"}],"version-history":[{"count":35,"href":"https:\/\/redepermacultura.ufsc.br\/permabrasuca\/wp-json\/wp\/v2\/pages\/12\/revisions"}],"predecessor-version":[{"id":2303,"href":"https:\/\/redepermacultura.ufsc.br\/permabrasuca\/wp-json\/wp\/v2\/pages\/12\/revisions\/2303"}],"wp:attachment":[{"href":"https:\/\/redepermacultura.ufsc.br\/permabrasuca\/wp-json\/wp\/v2\/media?parent=12"}],"wp:term":[{"taxonomy":"author","embeddable":true,"href":"https:\/\/redepermacultura.ufsc.br\/permabrasuca\/wp-json\/wp\/v2\/coauthors?post=12"}],"curies":[{"name":"wp","href":"https:\/\/api.w.org\/{rel}","templated":true}]}}