{"id":113,"date":"2021-11-30T11:03:57","date_gmt":"2021-11-30T14:03:57","guid":{"rendered":"http:\/\/redepermacultura.ufsc.br\/permaculturabrasileira\/?page_id=113"},"modified":"2025-06-11T09:55:20","modified_gmt":"2025-06-11T12:55:20","slug":"residuos-solidos-compostaveis","status":"publish","type":"page","link":"https:\/\/redepermacultura.ufsc.br\/permabrasuca\/aguas-saneamento\/residuos-solidos-compostaveis\/","title":{"rendered":"Res\u00edduos s\u00f3lidos e compost\u00e1veis"},"content":{"rendered":"\n<div class=\"wp-block-group is-nowrap is-layout-flex wp-container-core-group-is-layout-ad2f72ca wp-block-group-is-layout-flex\">\n<figure class=\"wp-block-image size-full\"><img decoding=\"async\" width=\"67\" height=\"59\" src=\"https:\/\/redepermacultura.ufsc.br\/permabrasuca\/wp-content\/uploads\/sites\/6\/2025\/04\/em_desenvolvimento.png\" alt=\"\" class=\"wp-image-1183\"\/><\/figure>\n\n\n\n<h2 class=\"wp-block-heading\">Conte\u00fado em prepara\u00e7\u00e3o &#8211; aguarde<\/h2>\n<\/div>\n\n\n\n<p>Compreende aqueles res\u00edduos produzidos no espa\u00e7o planejado e necessita ser reaproveitado em outras atividades ou receber destina\u00e7\u00e3o externa com baixo impacto.<\/p>\n\n\n<p><!-- \/wp:post-content --><\/p>","protected":false},"excerpt":{"rendered":"<p>Conte\u00fado em prepara\u00e7\u00e3o &#8211; aguarde Compreende aqueles res\u00edduos produzidos no espa\u00e7o planejado e necessita ser reaproveitado em outras atividades ou receber destina\u00e7\u00e3o externa com baixo impacto.<\/p>\n","protected":false},"author":1,"featured_media":0,"parent":29,"menu_order":1,"comment_status":"closed","ping_status":"closed","template":"","meta":{"footnotes":""},"coauthors":[2],"class_list":["post-113","page","type-page","status-publish","hentry"],"_links":{"self":[{"href":"https:\/\/redepermacultura.ufsc.br\/permabrasuca\/wp-json\/wp\/v2\/pages\/113","targetHints":{"allow":["GET"]}}],"collection":[{"href":"https:\/\/redepermacultura.ufsc.br\/permabrasuca\/wp-json\/wp\/v2\/pages"}],"about":[{"href":"https:\/\/redepermacultura.ufsc.br\/permabrasuca\/wp-json\/wp\/v2\/types\/page"}],"author":[{"embeddable":true,"href":"https:\/\/redepermacultura.ufsc.br\/permabrasuca\/wp-json\/wp\/v2\/users\/1"}],"replies":[{"embeddable":true,"href":"https:\/\/redepermacultura.ufsc.br\/permabrasuca\/wp-json\/wp\/v2\/comments?post=113"}],"version-history":[{"count":11,"href":"https:\/\/redepermacultura.ufsc.br\/permabrasuca\/wp-json\/wp\/v2\/pages\/113\/revisions"}],"predecessor-version":[{"id":1363,"href":"https:\/\/redepermacultura.ufsc.br\/permabrasuca\/wp-json\/wp\/v2\/pages\/113\/revisions\/1363"}],"up":[{"embeddable":true,"href":"https:\/\/redepermacultura.ufsc.br\/permabrasuca\/wp-json\/wp\/v2\/pages\/29"}],"wp:attachment":[{"href":"https:\/\/redepermacultura.ufsc.br\/permabrasuca\/wp-json\/wp\/v2\/media?parent=113"}],"wp:term":[{"taxonomy":"author","embeddable":true,"href":"https:\/\/redepermacultura.ufsc.br\/permabrasuca\/wp-json\/wp\/v2\/coauthors?post=113"}],"curies":[{"name":"wp","href":"https:\/\/api.w.org\/{rel}","templated":true}]}}